{"id":5490,"date":"2024-10-11T12:13:01","date_gmt":"2024-10-11T12:13:01","guid":{"rendered":"https:\/\/www.feedzai.com\/advancedaml-lp\/"},"modified":"2024-11-06T06:54:23","modified_gmt":"2024-11-06T06:54:23","slug":"lute-contra-a-pld-e-venca-com-a-feedzai","status":"publish","type":"page","link":"https:\/\/www.feedzai.com\/pt-br\/lute-contra-a-pld-e-venca-com-a-feedzai\/","title":{"rendered":"Lute contra a lavagem de dinheiro e ven\u00e7a com a Feedzai"},"content":{"rendered":"","protected":false},"excerpt":{"rendered":"","protected":false},"author":3,"featured_media":0,"parent":0,"menu_order":0,"comment_status":"closed","ping_status":"closed","template":"templates\/solutions-and-industries.php","meta":{"_acf_changed":false,"inline_featured_image":false,"footnotes":""},"class_list":["post-5490","page","type-page","status-publish","hentry"],"acf":[],"yoast_head":"<!-- This site is optimized with the Yoast SEO Premium plugin v27.3 (Yoast SEO v27.4) - https:\/\/yoast.com\/product\/yoast-seo-premium-wordpress\/ -->\n<title>Lute contra a lavagem de dinheiro e ven\u00e7a com a Feedzai | Feedzai<\/title>\n<meta name=\"description\" content=\"Descubra o poder da PLD avan\u00e7ada da Feedzai. Detec\u00e7\u00e3o e monitoramento de crimes financeiros em tempo real com redu\u00e7\u00e3o de falsos positivos. Solicite uma demonstra\u00e7\u00e3o agora mesmo.\" \/>\n<meta name=\"robots\" content=\"index, follow, max-snippet:-1, max-image-preview:large, max-video-preview:-1\" \/>\n<link rel=\"canonical\" href=\"https:\/\/www.feedzai.com\/pt-br\/lute-contra-a-pld-e-venca-com-a-feedzai\/\" \/>\n<meta property=\"og:locale\" content=\"pt_BR\" \/>\n<meta property=\"og:type\" content=\"article\" \/>\n<meta property=\"og:title\" content=\"Lute contra a lavagem de dinheiro e ven\u00e7a com a Feedzai | Feedzai\" \/>\n<meta property=\"og:description\" content=\"Descubra o poder da PLD avan\u00e7ada da Feedzai. Detec\u00e7\u00e3o e monitoramento de crimes financeiros em tempo real com redu\u00e7\u00e3o de falsos positivos. Solicite uma demonstra\u00e7\u00e3o agora mesmo.\" \/>\n<meta property=\"og:url\" content=\"https:\/\/www.feedzai.com\/pt-br\/lute-contra-a-pld-e-venca-com-a-feedzai\/\" \/>\n<meta property=\"og:site_name\" content=\"Feedzai\" \/>\n<meta property=\"article:publisher\" content=\"https:\/\/www.facebook.com\/Feedzai\/\" \/>\n<meta property=\"article:modified_time\" content=\"2024-11-06T06:54:23+00:00\" \/>\n<meta property=\"og:image\" content=\"https:\/\/www.feedzai.com\/wp-content\/uploads\/2024\/11\/Website_Socials_HomePage_Linkedin.jpg\" \/>\n\t<meta property=\"og:image:width\" content=\"1200\" \/>\n\t<meta property=\"og:image:height\" content=\"628\" \/>\n\t<meta property=\"og:image:type\" content=\"image\/jpeg\" \/>\n<meta name=\"twitter:card\" content=\"summary_large_image\" \/>\n<meta name=\"twitter:title\" content=\"Lute contra a lavagem de dinheiro e ven\u00e7a com a Feedzai | Feedzai\" \/>\n<meta name=\"twitter:description\" content=\"Descubra o poder da PLD avan\u00e7ada da Feedzai. Detec\u00e7\u00e3o e monitoramento de crimes financeiros em tempo real com redu\u00e7\u00e3o de falsos positivos. Solicite uma demonstra\u00e7\u00e3o agora mesmo.\" \/>\n<meta name=\"twitter:site\" content=\"@feedzai\" \/>\n<meta name=\"twitter:label1\" content=\"Est. tempo de leitura\" \/>\n\t<meta name=\"twitter:data1\" content=\"4 minutos\" \/>\n<script type=\"application\/ld+json\" class=\"yoast-schema-graph\">{\"@context\":\"https:\\\/\\\/schema.org\",\"@graph\":[{\"@type\":\"WebPage\",\"@id\":\"https:\\\/\\\/www.feedzai.com\\\/pt-br\\\/lute-contra-a-pld-e-venca-com-a-feedzai\\\/\",\"url\":\"https:\\\/\\\/www.feedzai.com\\\/pt-br\\\/lute-contra-a-pld-e-venca-com-a-feedzai\\\/\",\"name\":\"Lute contra a lavagem de dinheiro e ven\u00e7a com a Feedzai | Feedzai\",\"isPartOf\":{\"@id\":\"https:\\\/\\\/www.feedzai.com\\\/pt-br\\\/#website\"},\"datePublished\":\"2024-10-11T12:13:01+00:00\",\"dateModified\":\"2024-11-06T06:54:23+00:00\",\"description\":\"Descubra o poder da PLD avan\u00e7ada da Feedzai. Detec\u00e7\u00e3o e monitoramento de crimes financeiros em tempo real com redu\u00e7\u00e3o de falsos positivos. Solicite uma demonstra\u00e7\u00e3o agora mesmo.\",\"breadcrumb\":{\"@id\":\"https:\\\/\\\/www.feedzai.com\\\/pt-br\\\/lute-contra-a-pld-e-venca-com-a-feedzai\\\/#breadcrumb\"},\"inLanguage\":\"pt-BR\",\"potentialAction\":[{\"@type\":\"ReadAction\",\"target\":[\"https:\\\/\\\/www.feedzai.com\\\/pt-br\\\/lute-contra-a-pld-e-venca-com-a-feedzai\\\/\"]}]},{\"@type\":\"BreadcrumbList\",\"@id\":\"https:\\\/\\\/www.feedzai.com\\\/pt-br\\\/lute-contra-a-pld-e-venca-com-a-feedzai\\\/#breadcrumb\",\"itemListElement\":[{\"@type\":\"ListItem\",\"position\":1,\"name\":\"Home\",\"item\":\"https:\\\/\\\/www.feedzai.com\\\/pt-br\\\/\"},{\"@type\":\"ListItem\",\"position\":2,\"name\":\"Lute contra a lavagem de dinheiro e ven\u00e7a com a Feedzai\"}]},{\"@type\":\"WebSite\",\"@id\":\"https:\\\/\\\/www.feedzai.com\\\/pt-br\\\/#website\",\"url\":\"https:\\\/\\\/www.feedzai.com\\\/pt-br\\\/\",\"name\":\"Feedzai\",\"description\":\"\",\"publisher\":{\"@id\":\"https:\\\/\\\/www.feedzai.com\\\/pt-br\\\/#organization\"},\"potentialAction\":[{\"@type\":\"SearchAction\",\"target\":{\"@type\":\"EntryPoint\",\"urlTemplate\":\"https:\\\/\\\/www.feedzai.com\\\/pt-br\\\/?s={search_term_string}\"},\"query-input\":{\"@type\":\"PropertyValueSpecification\",\"valueRequired\":true,\"valueName\":\"search_term_string\"}}],\"inLanguage\":\"pt-BR\"},{\"@type\":\"Organization\",\"@id\":\"https:\\\/\\\/www.feedzai.com\\\/pt-br\\\/#organization\",\"name\":\"Feedzai\",\"url\":\"https:\\\/\\\/www.feedzai.com\\\/pt-br\\\/\",\"logo\":{\"@type\":\"ImageObject\",\"inLanguage\":\"pt-BR\",\"@id\":\"https:\\\/\\\/www.feedzai.com\\\/pt-br\\\/#\\\/schema\\\/logo\\\/image\\\/\",\"url\":\"https:\\\/\\\/www.feedzai.com\\\/wp-content\\\/uploads\\\/2026\\\/03\\\/Dark-Trust-scaled.webp\",\"contentUrl\":\"https:\\\/\\\/www.feedzai.com\\\/wp-content\\\/uploads\\\/2026\\\/03\\\/Dark-Trust-scaled.webp\",\"width\":2560,\"height\":2560,\"caption\":\"Feedzai\"},\"image\":{\"@id\":\"https:\\\/\\\/www.feedzai.com\\\/pt-br\\\/#\\\/schema\\\/logo\\\/image\\\/\"},\"sameAs\":[\"https:\\\/\\\/www.facebook.com\\\/Feedzai\\\/\",\"https:\\\/\\\/x.com\\\/feedzai\",\"https:\\\/\\\/www.linkedin.com\\\/company\\\/feedzai\",\"https:\\\/\\\/www.youtube.com\\\/channel\\\/UCOq3vS9kjwdW9TAD72PpkIg\"],\"description\":\"Feedzai is an AI-native fraud and financial crime prevention company helping financial institutions protect customers and transactions in real time creating a world of safer money.\",\"legalName\":\"Feedzai\"}]}<\/script>\n<!-- \/ Yoast SEO Premium plugin. -->","yoast_head_json":{"title":"Lute contra a lavagem de dinheiro e ven\u00e7a com a Feedzai | Feedzai","description":"Descubra o poder da PLD avan\u00e7ada da Feedzai. Detec\u00e7\u00e3o e monitoramento de crimes financeiros em tempo real com redu\u00e7\u00e3o de falsos positivos. Solicite uma demonstra\u00e7\u00e3o agora mesmo.","robots":{"index":"index","follow":"follow","max-snippet":"max-snippet:-1","max-image-preview":"max-image-preview:large","max-video-preview":"max-video-preview:-1"},"canonical":"https:\/\/www.feedzai.com\/pt-br\/lute-contra-a-pld-e-venca-com-a-feedzai\/","og_locale":"pt_BR","og_type":"article","og_title":"Lute contra a lavagem de dinheiro e ven\u00e7a com a Feedzai | Feedzai","og_description":"Descubra o poder da PLD avan\u00e7ada da Feedzai. Detec\u00e7\u00e3o e monitoramento de crimes financeiros em tempo real com redu\u00e7\u00e3o de falsos positivos. Solicite uma demonstra\u00e7\u00e3o agora mesmo.","og_url":"https:\/\/www.feedzai.com\/pt-br\/lute-contra-a-pld-e-venca-com-a-feedzai\/","og_site_name":"Feedzai","article_publisher":"https:\/\/www.facebook.com\/Feedzai\/","article_modified_time":"2024-11-06T06:54:23+00:00","og_image":[{"width":1200,"height":628,"url":"https:\/\/www.feedzai.com\/wp-content\/uploads\/2024\/11\/Website_Socials_HomePage_Linkedin.jpg","type":"image\/jpeg"}],"twitter_card":"summary_large_image","twitter_title":"Lute contra a lavagem de dinheiro e ven\u00e7a com a Feedzai | Feedzai","twitter_description":"Descubra o poder da PLD avan\u00e7ada da Feedzai. Detec\u00e7\u00e3o e monitoramento de crimes financeiros em tempo real com redu\u00e7\u00e3o de falsos positivos. Solicite uma demonstra\u00e7\u00e3o agora mesmo.","twitter_site":"@feedzai","twitter_misc":{"Est. tempo de leitura":"4 minutos"},"schema":{"@context":"https:\/\/schema.org","@graph":[{"@type":"WebPage","@id":"https:\/\/www.feedzai.com\/pt-br\/lute-contra-a-pld-e-venca-com-a-feedzai\/","url":"https:\/\/www.feedzai.com\/pt-br\/lute-contra-a-pld-e-venca-com-a-feedzai\/","name":"Lute contra a lavagem de dinheiro e ven\u00e7a com a Feedzai | Feedzai","isPartOf":{"@id":"https:\/\/www.feedzai.com\/pt-br\/#website"},"datePublished":"2024-10-11T12:13:01+00:00","dateModified":"2024-11-06T06:54:23+00:00","description":"Descubra o poder da PLD avan\u00e7ada da Feedzai. Detec\u00e7\u00e3o e monitoramento de crimes financeiros em tempo real com redu\u00e7\u00e3o de falsos positivos. Solicite uma demonstra\u00e7\u00e3o agora mesmo.","breadcrumb":{"@id":"https:\/\/www.feedzai.com\/pt-br\/lute-contra-a-pld-e-venca-com-a-feedzai\/#breadcrumb"},"inLanguage":"pt-BR","potentialAction":[{"@type":"ReadAction","target":["https:\/\/www.feedzai.com\/pt-br\/lute-contra-a-pld-e-venca-com-a-feedzai\/"]}]},{"@type":"BreadcrumbList","@id":"https:\/\/www.feedzai.com\/pt-br\/lute-contra-a-pld-e-venca-com-a-feedzai\/#breadcrumb","itemListElement":[{"@type":"ListItem","position":1,"name":"Home","item":"https:\/\/www.feedzai.com\/pt-br\/"},{"@type":"ListItem","position":2,"name":"Lute contra a lavagem de dinheiro e ven\u00e7a com a Feedzai"}]},{"@type":"WebSite","@id":"https:\/\/www.feedzai.com\/pt-br\/#website","url":"https:\/\/www.feedzai.com\/pt-br\/","name":"Feedzai","description":"","publisher":{"@id":"https:\/\/www.feedzai.com\/pt-br\/#organization"},"potentialAction":[{"@type":"SearchAction","target":{"@type":"EntryPoint","urlTemplate":"https:\/\/www.feedzai.com\/pt-br\/?s={search_term_string}"},"query-input":{"@type":"PropertyValueSpecification","valueRequired":true,"valueName":"search_term_string"}}],"inLanguage":"pt-BR"},{"@type":"Organization","@id":"https:\/\/www.feedzai.com\/pt-br\/#organization","name":"Feedzai","url":"https:\/\/www.feedzai.com\/pt-br\/","logo":{"@type":"ImageObject","inLanguage":"pt-BR","@id":"https:\/\/www.feedzai.com\/pt-br\/#\/schema\/logo\/image\/","url":"https:\/\/www.feedzai.com\/wp-content\/uploads\/2026\/03\/Dark-Trust-scaled.webp","contentUrl":"https:\/\/www.feedzai.com\/wp-content\/uploads\/2026\/03\/Dark-Trust-scaled.webp","width":2560,"height":2560,"caption":"Feedzai"},"image":{"@id":"https:\/\/www.feedzai.com\/pt-br\/#\/schema\/logo\/image\/"},"sameAs":["https:\/\/www.facebook.com\/Feedzai\/","https:\/\/x.com\/feedzai","https:\/\/www.linkedin.com\/company\/feedzai","https:\/\/www.youtube.com\/channel\/UCOq3vS9kjwdW9TAD72PpkIg"],"description":"Feedzai is an AI-native fraud and financial crime prevention company helping financial institutions protect customers and transactions in real time creating a world of safer money.","legalName":"Feedzai"}]}},"_links":{"self":[{"href":"https:\/\/www.feedzai.com\/pt-br\/wp-json\/wp\/v2\/pages\/5490","targetHints":{"allow":["GET"]}}],"collection":[{"href":"https:\/\/www.feedzai.com\/pt-br\/wp-json\/wp\/v2\/pages"}],"about":[{"href":"https:\/\/www.feedzai.com\/pt-br\/wp-json\/wp\/v2\/types\/page"}],"author":[{"embeddable":true,"href":"https:\/\/www.feedzai.com\/pt-br\/wp-json\/wp\/v2\/users\/3"}],"replies":[{"embeddable":true,"href":"https:\/\/www.feedzai.com\/pt-br\/wp-json\/wp\/v2\/comments?post=5490"}],"version-history":[{"count":0,"href":"https:\/\/www.feedzai.com\/pt-br\/wp-json\/wp\/v2\/pages\/5490\/revisions"}],"wp:attachment":[{"href":"https:\/\/www.feedzai.com\/pt-br\/wp-json\/wp\/v2\/media?parent=5490"}],"curies":[{"name":"wp","href":"https:\/\/api.w.org\/{rel}","templated":true}]}}