{"id":4903,"date":"2024-08-14T10:27:54","date_gmt":"2024-08-14T10:27:54","guid":{"rendered":"https:\/\/www.feedzai.com\/government\/"},"modified":"2026-01-20T16:43:53","modified_gmt":"2026-01-20T16:43:53","slug":"governo","status":"publish","type":"page","link":"https:\/\/www.feedzai.com\/pt-br\/industrias\/governo\/","title":{"rendered":"Governo"},"content":{"rendered":"","protected":false},"excerpt":{"rendered":"","protected":false},"author":1,"featured_media":0,"parent":6715,"menu_order":0,"comment_status":"closed","ping_status":"closed","template":"templates\/solutions-and-industries.php","meta":{"_acf_changed":false,"inline_featured_image":false,"footnotes":""},"class_list":["post-4903","page","type-page","status-publish","hentry"],"acf":[],"yoast_head":"<!-- This site is optimized with the Yoast SEO Premium plugin v27.3 (Yoast SEO v27.4) - https:\/\/yoast.com\/product\/yoast-seo-premium-wordpress\/ -->\n<title>Solu\u00e7\u00f5es de preven\u00e7\u00e3o de fraude para ag\u00eancias governamentais | Feedzai<\/title>\n<meta name=\"description\" content=\"A tecnologia avan\u00e7ada de intelig\u00eancia artificial e machine learning da Feedzai protege os cidad\u00e3os contra fraudes ajudando ag\u00eancias governamentais a implantar solu\u00e7\u00f5es de Identidade confi\u00e1vel.\" \/>\n<meta name=\"robots\" content=\"index, follow, max-snippet:-1, max-image-preview:large, max-video-preview:-1\" \/>\n<link rel=\"canonical\" href=\"https:\/\/www.feedzai.com\/pt-br\/industrias\/governo\/\" \/>\n<meta property=\"og:locale\" content=\"pt_BR\" \/>\n<meta property=\"og:type\" content=\"article\" \/>\n<meta property=\"og:title\" content=\"Solu\u00e7\u00f5es de preven\u00e7\u00e3o de fraude para ag\u00eancias governamentais | Feedzai\" \/>\n<meta property=\"og:description\" content=\"A tecnologia avan\u00e7ada de intelig\u00eancia artificial e machine learning da Feedzai protege os cidad\u00e3os contra fraudes ajudando ag\u00eancias governamentais a implantar solu\u00e7\u00f5es de Identidade confi\u00e1vel.\" \/>\n<meta property=\"og:url\" content=\"https:\/\/www.feedzai.com\/pt-br\/industrias\/governo\/\" \/>\n<meta property=\"og:site_name\" content=\"Feedzai\" \/>\n<meta property=\"article:publisher\" content=\"https:\/\/www.facebook.com\/Feedzai\/\" \/>\n<meta property=\"article:modified_time\" content=\"2026-01-20T16:43:53+00:00\" \/>\n<meta property=\"og:image\" content=\"https:\/\/www.feedzai.com\/wp-content\/uploads\/2024\/11\/Website_Socials_HomePage_Linkedin.jpg\" \/>\n\t<meta property=\"og:image:width\" content=\"1200\" \/>\n\t<meta property=\"og:image:height\" content=\"628\" \/>\n\t<meta property=\"og:image:type\" content=\"image\/jpeg\" \/>\n<meta name=\"twitter:card\" content=\"summary_large_image\" \/>\n<meta name=\"twitter:title\" content=\"Solu\u00e7\u00f5es de preven\u00e7\u00e3o de fraude para ag\u00eancias governamentais | Feedzai\" \/>\n<meta name=\"twitter:description\" content=\"A tecnologia avan\u00e7ada de intelig\u00eancia artificial e machine learning da Feedzai protege os cidad\u00e3os contra fraudes ajudando ag\u00eancias governamentais a implantar solu\u00e7\u00f5es de Identidade confi\u00e1vel.\" \/>\n<meta name=\"twitter:site\" content=\"@feedzai\" \/>\n<meta name=\"twitter:label1\" content=\"Est. tempo de leitura\" \/>\n\t<meta name=\"twitter:data1\" content=\"4 minutos\" \/>\n<script type=\"application\/ld+json\" class=\"yoast-schema-graph\">{\"@context\":\"https:\\\/\\\/schema.org\",\"@graph\":[{\"@type\":\"WebPage\",\"@id\":\"https:\\\/\\\/www.feedzai.com\\\/pt-br\\\/industrias\\\/governo\\\/\",\"url\":\"https:\\\/\\\/www.feedzai.com\\\/pt-br\\\/industrias\\\/governo\\\/\",\"name\":\"Solu\u00e7\u00f5es de preven\u00e7\u00e3o de fraude para ag\u00eancias governamentais | Feedzai\",\"isPartOf\":{\"@id\":\"https:\\\/\\\/www.feedzai.com\\\/pt-br\\\/#website\"},\"datePublished\":\"2024-08-14T10:27:54+00:00\",\"dateModified\":\"2026-01-20T16:43:53+00:00\",\"description\":\"A tecnologia avan\u00e7ada de intelig\u00eancia artificial e machine learning da Feedzai protege os cidad\u00e3os contra fraudes ajudando ag\u00eancias governamentais a implantar solu\u00e7\u00f5es de Identidade confi\u00e1vel.\",\"breadcrumb\":{\"@id\":\"https:\\\/\\\/www.feedzai.com\\\/pt-br\\\/industrias\\\/governo\\\/#breadcrumb\"},\"inLanguage\":\"pt-BR\",\"potentialAction\":[{\"@type\":\"ReadAction\",\"target\":[\"https:\\\/\\\/www.feedzai.com\\\/pt-br\\\/industrias\\\/governo\\\/\"]}]},{\"@type\":\"BreadcrumbList\",\"@id\":\"https:\\\/\\\/www.feedzai.com\\\/pt-br\\\/industrias\\\/governo\\\/#breadcrumb\",\"itemListElement\":[{\"@type\":\"ListItem\",\"position\":1,\"name\":\"Home\",\"item\":\"https:\\\/\\\/www.feedzai.com\\\/pt-br\\\/\"},{\"@type\":\"ListItem\",\"position\":2,\"name\":\"Ind\u00fastrias\",\"item\":\"https:\\\/\\\/www.feedzai.com\\\/pt-br\\\/industrias\\\/\"},{\"@type\":\"ListItem\",\"position\":3,\"name\":\"Governo\"}]},{\"@type\":\"WebSite\",\"@id\":\"https:\\\/\\\/www.feedzai.com\\\/pt-br\\\/#website\",\"url\":\"https:\\\/\\\/www.feedzai.com\\\/pt-br\\\/\",\"name\":\"Feedzai\",\"description\":\"\",\"publisher\":{\"@id\":\"https:\\\/\\\/www.feedzai.com\\\/pt-br\\\/#organization\"},\"potentialAction\":[{\"@type\":\"SearchAction\",\"target\":{\"@type\":\"EntryPoint\",\"urlTemplate\":\"https:\\\/\\\/www.feedzai.com\\\/pt-br\\\/?s={search_term_string}\"},\"query-input\":{\"@type\":\"PropertyValueSpecification\",\"valueRequired\":true,\"valueName\":\"search_term_string\"}}],\"inLanguage\":\"pt-BR\"},{\"@type\":\"Organization\",\"@id\":\"https:\\\/\\\/www.feedzai.com\\\/pt-br\\\/#organization\",\"name\":\"Feedzai\",\"url\":\"https:\\\/\\\/www.feedzai.com\\\/pt-br\\\/\",\"logo\":{\"@type\":\"ImageObject\",\"inLanguage\":\"pt-BR\",\"@id\":\"https:\\\/\\\/www.feedzai.com\\\/pt-br\\\/#\\\/schema\\\/logo\\\/image\\\/\",\"url\":\"https:\\\/\\\/www.feedzai.com\\\/wp-content\\\/uploads\\\/2026\\\/03\\\/Dark-Trust-scaled.webp\",\"contentUrl\":\"https:\\\/\\\/www.feedzai.com\\\/wp-content\\\/uploads\\\/2026\\\/03\\\/Dark-Trust-scaled.webp\",\"width\":2560,\"height\":2560,\"caption\":\"Feedzai\"},\"image\":{\"@id\":\"https:\\\/\\\/www.feedzai.com\\\/pt-br\\\/#\\\/schema\\\/logo\\\/image\\\/\"},\"sameAs\":[\"https:\\\/\\\/www.facebook.com\\\/Feedzai\\\/\",\"https:\\\/\\\/x.com\\\/feedzai\",\"https:\\\/\\\/www.linkedin.com\\\/company\\\/feedzai\",\"https:\\\/\\\/www.youtube.com\\\/channel\\\/UCOq3vS9kjwdW9TAD72PpkIg\"],\"description\":\"Feedzai is an AI-native fraud and financial crime prevention company helping financial institutions protect customers and transactions in real time creating a world of safer money.\",\"legalName\":\"Feedzai\"}]}<\/script>\n<!-- \/ Yoast SEO Premium plugin. -->","yoast_head_json":{"title":"Solu\u00e7\u00f5es de preven\u00e7\u00e3o de fraude para ag\u00eancias governamentais | Feedzai","description":"A tecnologia avan\u00e7ada de intelig\u00eancia artificial e machine learning da Feedzai protege os cidad\u00e3os contra fraudes ajudando ag\u00eancias governamentais a implantar solu\u00e7\u00f5es de Identidade confi\u00e1vel.","robots":{"index":"index","follow":"follow","max-snippet":"max-snippet:-1","max-image-preview":"max-image-preview:large","max-video-preview":"max-video-preview:-1"},"canonical":"https:\/\/www.feedzai.com\/pt-br\/industrias\/governo\/","og_locale":"pt_BR","og_type":"article","og_title":"Solu\u00e7\u00f5es de preven\u00e7\u00e3o de fraude para ag\u00eancias governamentais | Feedzai","og_description":"A tecnologia avan\u00e7ada de intelig\u00eancia artificial e machine learning da Feedzai protege os cidad\u00e3os contra fraudes ajudando ag\u00eancias governamentais a implantar solu\u00e7\u00f5es de Identidade confi\u00e1vel.","og_url":"https:\/\/www.feedzai.com\/pt-br\/industrias\/governo\/","og_site_name":"Feedzai","article_publisher":"https:\/\/www.facebook.com\/Feedzai\/","article_modified_time":"2026-01-20T16:43:53+00:00","og_image":[{"width":1200,"height":628,"url":"https:\/\/www.feedzai.com\/wp-content\/uploads\/2024\/11\/Website_Socials_HomePage_Linkedin.jpg","type":"image\/jpeg"}],"twitter_card":"summary_large_image","twitter_title":"Solu\u00e7\u00f5es de preven\u00e7\u00e3o de fraude para ag\u00eancias governamentais | Feedzai","twitter_description":"A tecnologia avan\u00e7ada de intelig\u00eancia artificial e machine learning da Feedzai protege os cidad\u00e3os contra fraudes ajudando ag\u00eancias governamentais a implantar solu\u00e7\u00f5es de Identidade confi\u00e1vel.","twitter_site":"@feedzai","twitter_misc":{"Est. tempo de leitura":"4 minutos"},"schema":{"@context":"https:\/\/schema.org","@graph":[{"@type":"WebPage","@id":"https:\/\/www.feedzai.com\/pt-br\/industrias\/governo\/","url":"https:\/\/www.feedzai.com\/pt-br\/industrias\/governo\/","name":"Solu\u00e7\u00f5es de preven\u00e7\u00e3o de fraude para ag\u00eancias governamentais | Feedzai","isPartOf":{"@id":"https:\/\/www.feedzai.com\/pt-br\/#website"},"datePublished":"2024-08-14T10:27:54+00:00","dateModified":"2026-01-20T16:43:53+00:00","description":"A tecnologia avan\u00e7ada de intelig\u00eancia artificial e machine learning da Feedzai protege os cidad\u00e3os contra fraudes ajudando ag\u00eancias governamentais a implantar solu\u00e7\u00f5es de Identidade confi\u00e1vel.","breadcrumb":{"@id":"https:\/\/www.feedzai.com\/pt-br\/industrias\/governo\/#breadcrumb"},"inLanguage":"pt-BR","potentialAction":[{"@type":"ReadAction","target":["https:\/\/www.feedzai.com\/pt-br\/industrias\/governo\/"]}]},{"@type":"BreadcrumbList","@id":"https:\/\/www.feedzai.com\/pt-br\/industrias\/governo\/#breadcrumb","itemListElement":[{"@type":"ListItem","position":1,"name":"Home","item":"https:\/\/www.feedzai.com\/pt-br\/"},{"@type":"ListItem","position":2,"name":"Ind\u00fastrias","item":"https:\/\/www.feedzai.com\/pt-br\/industrias\/"},{"@type":"ListItem","position":3,"name":"Governo"}]},{"@type":"WebSite","@id":"https:\/\/www.feedzai.com\/pt-br\/#website","url":"https:\/\/www.feedzai.com\/pt-br\/","name":"Feedzai","description":"","publisher":{"@id":"https:\/\/www.feedzai.com\/pt-br\/#organization"},"potentialAction":[{"@type":"SearchAction","target":{"@type":"EntryPoint","urlTemplate":"https:\/\/www.feedzai.com\/pt-br\/?s={search_term_string}"},"query-input":{"@type":"PropertyValueSpecification","valueRequired":true,"valueName":"search_term_string"}}],"inLanguage":"pt-BR"},{"@type":"Organization","@id":"https:\/\/www.feedzai.com\/pt-br\/#organization","name":"Feedzai","url":"https:\/\/www.feedzai.com\/pt-br\/","logo":{"@type":"ImageObject","inLanguage":"pt-BR","@id":"https:\/\/www.feedzai.com\/pt-br\/#\/schema\/logo\/image\/","url":"https:\/\/www.feedzai.com\/wp-content\/uploads\/2026\/03\/Dark-Trust-scaled.webp","contentUrl":"https:\/\/www.feedzai.com\/wp-content\/uploads\/2026\/03\/Dark-Trust-scaled.webp","width":2560,"height":2560,"caption":"Feedzai"},"image":{"@id":"https:\/\/www.feedzai.com\/pt-br\/#\/schema\/logo\/image\/"},"sameAs":["https:\/\/www.facebook.com\/Feedzai\/","https:\/\/x.com\/feedzai","https:\/\/www.linkedin.com\/company\/feedzai","https:\/\/www.youtube.com\/channel\/UCOq3vS9kjwdW9TAD72PpkIg"],"description":"Feedzai is an AI-native fraud and financial crime prevention company helping financial institutions protect customers and transactions in real time creating a world of safer money.","legalName":"Feedzai"}]}},"_links":{"self":[{"href":"https:\/\/www.feedzai.com\/pt-br\/wp-json\/wp\/v2\/pages\/4903","targetHints":{"allow":["GET"]}}],"collection":[{"href":"https:\/\/www.feedzai.com\/pt-br\/wp-json\/wp\/v2\/pages"}],"about":[{"href":"https:\/\/www.feedzai.com\/pt-br\/wp-json\/wp\/v2\/types\/page"}],"author":[{"embeddable":true,"href":"https:\/\/www.feedzai.com\/pt-br\/wp-json\/wp\/v2\/users\/1"}],"replies":[{"embeddable":true,"href":"https:\/\/www.feedzai.com\/pt-br\/wp-json\/wp\/v2\/comments?post=4903"}],"version-history":[{"count":0,"href":"https:\/\/www.feedzai.com\/pt-br\/wp-json\/wp\/v2\/pages\/4903\/revisions"}],"up":[{"embeddable":true,"href":"https:\/\/www.feedzai.com\/pt-br\/wp-json\/wp\/v2\/pages\/6715"}],"wp:attachment":[{"href":"https:\/\/www.feedzai.com\/pt-br\/wp-json\/wp\/v2\/media?parent=4903"}],"curies":[{"name":"wp","href":"https:\/\/api.w.org\/{rel}","templated":true}]}}