{"id":4849,"date":"2024-10-11T10:11:57","date_gmt":"2024-10-11T10:11:57","guid":{"rendered":"https:\/\/www.feedzai.com\/packaged-fraud-and-aml-solutions\/"},"modified":"2025-01-14T14:42:05","modified_gmt":"2025-01-14T14:42:05","slug":"solucoes-antifraude-e-de-pld","status":"publish","type":"page","link":"https:\/\/www.feedzai.com\/pt-br\/solucoes-antifraude-e-de-pld\/","title":{"rendered":"Solu\u00e7\u00f5es antifraude e de PLD"},"content":{"rendered":"","protected":false},"excerpt":{"rendered":"","protected":false},"author":3,"featured_media":0,"parent":0,"menu_order":0,"comment_status":"closed","ping_status":"closed","template":"templates\/solutions-and-industries.php","meta":{"_acf_changed":false,"inline_featured_image":false,"footnotes":""},"class_list":["post-4849","page","type-page","status-publish","hentry"],"acf":[],"yoast_head":"<!-- This site is optimized with the Yoast SEO Premium plugin v27.2 (Yoast SEO v27.2) - https:\/\/yoast.com\/product\/yoast-seo-premium-wordpress\/ -->\n<title>Solu\u00e7\u00f5es antifraude e de PLD em pacote | Feedzai<\/title>\n<meta name=\"description\" content=\"As solu\u00e7\u00f5es antifraude e de PLD da Feedzai permitem que as institui\u00e7\u00f5es financeiras combatam crimes financeiros com machine learning avan\u00e7ado por um pre\u00e7o acess\u00edvel. Saiba mais\" \/>\n<meta name=\"robots\" content=\"index, follow, max-snippet:-1, max-image-preview:large, max-video-preview:-1\" \/>\n<link rel=\"canonical\" href=\"https:\/\/www.feedzai.com\/pt-br\/solucoes-antifraude-e-de-pld\/\" \/>\n<meta property=\"og:locale\" content=\"pt_BR\" \/>\n<meta property=\"og:type\" content=\"article\" \/>\n<meta property=\"og:title\" content=\"Packaged Fraud and AML Solutions | Feedzai\" \/>\n<meta property=\"og:description\" content=\"As solu\u00e7\u00f5es antifraude e de PLD da Feedzai permitem que as institui\u00e7\u00f5es financeiras combatam crimes financeiros com machine learning avan\u00e7ado por um pre\u00e7o acess\u00edvel. Saiba mais\" \/>\n<meta property=\"og:url\" content=\"https:\/\/www.feedzai.com\/pt-br\/solucoes-antifraude-e-de-pld\/\" \/>\n<meta property=\"og:site_name\" content=\"Feedzai\" \/>\n<meta property=\"article:publisher\" content=\"https:\/\/www.facebook.com\/Feedzai\/\" \/>\n<meta property=\"article:modified_time\" content=\"2025-01-14T14:42:05+00:00\" \/>\n<meta property=\"og:image\" content=\"https:\/\/www.feedzai.com\/wp-content\/uploads\/2024\/11\/Website_Socials_HomePage_Linkedin.jpg\" \/>\n\t<meta property=\"og:image:width\" content=\"1200\" \/>\n\t<meta property=\"og:image:height\" content=\"628\" \/>\n\t<meta property=\"og:image:type\" content=\"image\/jpeg\" \/>\n<meta name=\"twitter:card\" content=\"summary_large_image\" \/>\n<meta name=\"twitter:title\" content=\"Packaged Fraud and AML Solutions | Feedzai\" \/>\n<meta name=\"twitter:description\" content=\"As solu\u00e7\u00f5es antifraude e de PLD da Feedzai permitem que as institui\u00e7\u00f5es financeiras combatam crimes financeiros com machine learning avan\u00e7ado por um pre\u00e7o acess\u00edvel. Saiba mais\" \/>\n<meta name=\"twitter:site\" content=\"@feedzai\" \/>\n<meta name=\"twitter:label1\" content=\"Est. tempo de leitura\" \/>\n\t<meta name=\"twitter:data1\" content=\"2 minutos\" \/>\n<script type=\"application\/ld+json\" class=\"yoast-schema-graph\">{\"@context\":\"https:\/\/schema.org\",\"@graph\":[{\"@type\":\"WebPage\",\"@id\":\"https:\/\/www.feedzai.com\/pt-br\/solucoes-antifraude-e-de-pld\/\",\"url\":\"https:\/\/www.feedzai.com\/pt-br\/solucoes-antifraude-e-de-pld\/\",\"name\":\"Solu\u00e7\u00f5es antifraude e de PLD em pacote | Feedzai\",\"isPartOf\":{\"@id\":\"https:\/\/www.feedzai.com\/pt-br\/#website\"},\"datePublished\":\"2024-10-11T10:11:57+00:00\",\"dateModified\":\"2025-01-14T14:42:05+00:00\",\"description\":\"As solu\u00e7\u00f5es antifraude e de PLD da Feedzai permitem que as institui\u00e7\u00f5es financeiras combatam crimes financeiros com machine learning avan\u00e7ado por um pre\u00e7o acess\u00edvel. Saiba mais\",\"breadcrumb\":{\"@id\":\"https:\/\/www.feedzai.com\/pt-br\/solucoes-antifraude-e-de-pld\/#breadcrumb\"},\"inLanguage\":\"pt-BR\",\"potentialAction\":[{\"@type\":\"ReadAction\",\"target\":[\"https:\/\/www.feedzai.com\/pt-br\/solucoes-antifraude-e-de-pld\/\"]}]},{\"@type\":\"BreadcrumbList\",\"@id\":\"https:\/\/www.feedzai.com\/pt-br\/solucoes-antifraude-e-de-pld\/#breadcrumb\",\"itemListElement\":[{\"@type\":\"ListItem\",\"position\":1,\"name\":\"Home\",\"item\":\"https:\/\/www.feedzai.com\/pt-br\/\"},{\"@type\":\"ListItem\",\"position\":2,\"name\":\"Solu\u00e7\u00f5es antifraude e de PLD\"}]},{\"@type\":\"WebSite\",\"@id\":\"https:\/\/www.feedzai.com\/pt-br\/#website\",\"url\":\"https:\/\/www.feedzai.com\/pt-br\/\",\"name\":\"Feedzai\",\"description\":\"\",\"publisher\":{\"@id\":\"https:\/\/www.feedzai.com\/pt-br\/#organization\"},\"potentialAction\":[{\"@type\":\"SearchAction\",\"target\":{\"@type\":\"EntryPoint\",\"urlTemplate\":\"https:\/\/www.feedzai.com\/pt-br\/?s={search_term_string}\"},\"query-input\":{\"@type\":\"PropertyValueSpecification\",\"valueRequired\":true,\"valueName\":\"search_term_string\"}}],\"inLanguage\":\"pt-BR\"},{\"@type\":\"Organization\",\"@id\":\"https:\/\/www.feedzai.com\/pt-br\/#organization\",\"name\":\"Feedzai\",\"url\":\"https:\/\/www.feedzai.com\/pt-br\/\",\"logo\":{\"@type\":\"ImageObject\",\"inLanguage\":\"pt-BR\",\"@id\":\"https:\/\/www.feedzai.com\/pt-br\/#\/schema\/logo\/image\/\",\"url\":\"https:\/\/www.feedzai.com\/wp-content\/uploads\/2026\/03\/Dark-Trust-scaled.webp\",\"contentUrl\":\"https:\/\/www.feedzai.com\/wp-content\/uploads\/2026\/03\/Dark-Trust-scaled.webp\",\"width\":2560,\"height\":2560,\"caption\":\"Feedzai\"},\"image\":{\"@id\":\"https:\/\/www.feedzai.com\/pt-br\/#\/schema\/logo\/image\/\"},\"sameAs\":[\"https:\/\/www.facebook.com\/Feedzai\/\",\"https:\/\/x.com\/feedzai\",\"https:\/\/www.linkedin.com\/company\/feedzai\",\"https:\/\/www.youtube.com\/channel\/UCOq3vS9kjwdW9TAD72PpkIg\"],\"description\":\"Feedzai is an AI-native fraud and financial crime prevention company helping financial institutions protect customers and transactions in real time creating a world of safer money.\",\"legalName\":\"Feedzai\"}]}<\/script>\n<!-- \/ Yoast SEO Premium plugin. -->","yoast_head_json":{"title":"Solu\u00e7\u00f5es antifraude e de PLD em pacote | Feedzai","description":"As solu\u00e7\u00f5es antifraude e de PLD da Feedzai permitem que as institui\u00e7\u00f5es financeiras combatam crimes financeiros com machine learning avan\u00e7ado por um pre\u00e7o acess\u00edvel. Saiba mais","robots":{"index":"index","follow":"follow","max-snippet":"max-snippet:-1","max-image-preview":"max-image-preview:large","max-video-preview":"max-video-preview:-1"},"canonical":"https:\/\/www.feedzai.com\/pt-br\/solucoes-antifraude-e-de-pld\/","og_locale":"pt_BR","og_type":"article","og_title":"Packaged Fraud and AML Solutions | Feedzai","og_description":"As solu\u00e7\u00f5es antifraude e de PLD da Feedzai permitem que as institui\u00e7\u00f5es financeiras combatam crimes financeiros com machine learning avan\u00e7ado por um pre\u00e7o acess\u00edvel. Saiba mais","og_url":"https:\/\/www.feedzai.com\/pt-br\/solucoes-antifraude-e-de-pld\/","og_site_name":"Feedzai","article_publisher":"https:\/\/www.facebook.com\/Feedzai\/","article_modified_time":"2025-01-14T14:42:05+00:00","og_image":[{"width":1200,"height":628,"url":"https:\/\/www.feedzai.com\/wp-content\/uploads\/2024\/11\/Website_Socials_HomePage_Linkedin.jpg","type":"image\/jpeg"}],"twitter_card":"summary_large_image","twitter_title":"Packaged Fraud and AML Solutions | Feedzai","twitter_description":"As solu\u00e7\u00f5es antifraude e de PLD da Feedzai permitem que as institui\u00e7\u00f5es financeiras combatam crimes financeiros com machine learning avan\u00e7ado por um pre\u00e7o acess\u00edvel. Saiba mais","twitter_site":"@feedzai","twitter_misc":{"Est. tempo de leitura":"2 minutos"},"schema":{"@context":"https:\/\/schema.org","@graph":[{"@type":"WebPage","@id":"https:\/\/www.feedzai.com\/pt-br\/solucoes-antifraude-e-de-pld\/","url":"https:\/\/www.feedzai.com\/pt-br\/solucoes-antifraude-e-de-pld\/","name":"Solu\u00e7\u00f5es antifraude e de PLD em pacote | Feedzai","isPartOf":{"@id":"https:\/\/www.feedzai.com\/pt-br\/#website"},"datePublished":"2024-10-11T10:11:57+00:00","dateModified":"2025-01-14T14:42:05+00:00","description":"As solu\u00e7\u00f5es antifraude e de PLD da Feedzai permitem que as institui\u00e7\u00f5es financeiras combatam crimes financeiros com machine learning avan\u00e7ado por um pre\u00e7o acess\u00edvel. Saiba mais","breadcrumb":{"@id":"https:\/\/www.feedzai.com\/pt-br\/solucoes-antifraude-e-de-pld\/#breadcrumb"},"inLanguage":"pt-BR","potentialAction":[{"@type":"ReadAction","target":["https:\/\/www.feedzai.com\/pt-br\/solucoes-antifraude-e-de-pld\/"]}]},{"@type":"BreadcrumbList","@id":"https:\/\/www.feedzai.com\/pt-br\/solucoes-antifraude-e-de-pld\/#breadcrumb","itemListElement":[{"@type":"ListItem","position":1,"name":"Home","item":"https:\/\/www.feedzai.com\/pt-br\/"},{"@type":"ListItem","position":2,"name":"Solu\u00e7\u00f5es antifraude e de PLD"}]},{"@type":"WebSite","@id":"https:\/\/www.feedzai.com\/pt-br\/#website","url":"https:\/\/www.feedzai.com\/pt-br\/","name":"Feedzai","description":"","publisher":{"@id":"https:\/\/www.feedzai.com\/pt-br\/#organization"},"potentialAction":[{"@type":"SearchAction","target":{"@type":"EntryPoint","urlTemplate":"https:\/\/www.feedzai.com\/pt-br\/?s={search_term_string}"},"query-input":{"@type":"PropertyValueSpecification","valueRequired":true,"valueName":"search_term_string"}}],"inLanguage":"pt-BR"},{"@type":"Organization","@id":"https:\/\/www.feedzai.com\/pt-br\/#organization","name":"Feedzai","url":"https:\/\/www.feedzai.com\/pt-br\/","logo":{"@type":"ImageObject","inLanguage":"pt-BR","@id":"https:\/\/www.feedzai.com\/pt-br\/#\/schema\/logo\/image\/","url":"https:\/\/www.feedzai.com\/wp-content\/uploads\/2026\/03\/Dark-Trust-scaled.webp","contentUrl":"https:\/\/www.feedzai.com\/wp-content\/uploads\/2026\/03\/Dark-Trust-scaled.webp","width":2560,"height":2560,"caption":"Feedzai"},"image":{"@id":"https:\/\/www.feedzai.com\/pt-br\/#\/schema\/logo\/image\/"},"sameAs":["https:\/\/www.facebook.com\/Feedzai\/","https:\/\/x.com\/feedzai","https:\/\/www.linkedin.com\/company\/feedzai","https:\/\/www.youtube.com\/channel\/UCOq3vS9kjwdW9TAD72PpkIg"],"description":"Feedzai is an AI-native fraud and financial crime prevention company helping financial institutions protect customers and transactions in real time creating a world of safer money.","legalName":"Feedzai"}]}},"_links":{"self":[{"href":"https:\/\/www.feedzai.com\/pt-br\/wp-json\/wp\/v2\/pages\/4849","targetHints":{"allow":["GET"]}}],"collection":[{"href":"https:\/\/www.feedzai.com\/pt-br\/wp-json\/wp\/v2\/pages"}],"about":[{"href":"https:\/\/www.feedzai.com\/pt-br\/wp-json\/wp\/v2\/types\/page"}],"author":[{"embeddable":true,"href":"https:\/\/www.feedzai.com\/pt-br\/wp-json\/wp\/v2\/users\/3"}],"replies":[{"embeddable":true,"href":"https:\/\/www.feedzai.com\/pt-br\/wp-json\/wp\/v2\/comments?post=4849"}],"version-history":[{"count":0,"href":"https:\/\/www.feedzai.com\/pt-br\/wp-json\/wp\/v2\/pages\/4849\/revisions"}],"wp:attachment":[{"href":"https:\/\/www.feedzai.com\/pt-br\/wp-json\/wp\/v2\/media?parent=4849"}],"curies":[{"name":"wp","href":"https:\/\/api.w.org\/{rel}","templated":true}]}}