{"id":4846,"date":"2024-08-12T16:52:55","date_gmt":"2024-08-12T16:52:55","guid":{"rendered":"https:\/\/www.feedzai.com\/digital-trust-new-account-fraud\/"},"modified":"2026-03-17T10:18:38","modified_gmt":"2026-03-17T10:18:38","slug":"fraude-de-abertura-de-conta","status":"publish","type":"page","link":"https:\/\/www.feedzai.com\/pt-br\/solucoes\/fraude-de-abertura-de-conta\/","title":{"rendered":"Fraude de abertura de conta"},"content":{"rendered":"","protected":false},"excerpt":{"rendered":"","protected":false},"author":1,"featured_media":0,"parent":6714,"menu_order":0,"comment_status":"closed","ping_status":"closed","template":"templates\/solutions-and-industries.php","meta":{"_acf_changed":false,"inline_featured_image":false,"footnotes":""},"class_list":["post-4846","page","type-page","status-publish","hentry"],"acf":[],"yoast_head":"<!-- This site is optimized with the Yoast SEO Premium plugin v27.2 (Yoast SEO v27.2) - https:\/\/yoast.com\/product\/yoast-seo-premium-wordpress\/ -->\n<title>Fraude de abertura de conta | Feedzai<\/title>\n<meta name=\"description\" content=\"Saiba como a solu\u00e7\u00e3o de Fraude de abertura de conta da Feedzai utiliza detec\u00e7\u00e3o de bots, intelig\u00eancia de dispositivos e biometria comportamental para identificar contas fraudulentas no momento da integra\u00e7\u00e3o.\" \/>\n<meta name=\"robots\" content=\"index, follow, max-snippet:-1, max-image-preview:large, max-video-preview:-1\" \/>\n<link rel=\"canonical\" href=\"https:\/\/www.feedzai.com\/pt-br\/solucoes\/fraude-de-abertura-de-conta\/\" \/>\n<meta property=\"og:locale\" content=\"pt_BR\" \/>\n<meta property=\"og:type\" content=\"article\" \/>\n<meta property=\"og:title\" content=\"Fraude de abertura de conta | Feedzai\" \/>\n<meta property=\"og:description\" content=\"Saiba como a solu\u00e7\u00e3o de Fraude de abertura de conta da Feedzai utiliza detec\u00e7\u00e3o de bots, intelig\u00eancia de dispositivos e biometria comportamental para identificar contas fraudulentas no momento da integra\u00e7\u00e3o.\" \/>\n<meta property=\"og:url\" content=\"https:\/\/www.feedzai.com\/pt-br\/solucoes\/fraude-de-abertura-de-conta\/\" \/>\n<meta property=\"og:site_name\" content=\"Feedzai\" \/>\n<meta property=\"article:publisher\" content=\"https:\/\/www.facebook.com\/Feedzai\/\" \/>\n<meta property=\"article:modified_time\" content=\"2026-03-17T10:18:38+00:00\" \/>\n<meta property=\"og:image\" content=\"https:\/\/www.feedzai.com\/wp-content\/uploads\/2024\/11\/Website_Socials_HomePage_Linkedin.jpg\" \/>\n\t<meta property=\"og:image:width\" content=\"1200\" \/>\n\t<meta property=\"og:image:height\" content=\"628\" \/>\n\t<meta property=\"og:image:type\" content=\"image\/jpeg\" \/>\n<meta name=\"twitter:card\" content=\"summary_large_image\" \/>\n<meta name=\"twitter:title\" content=\"Fraude de abertura de conta | Feedzai\" \/>\n<meta name=\"twitter:description\" content=\"Saiba como a solu\u00e7\u00e3o de Fraude de abertura de conta da Feedzai utiliza detec\u00e7\u00e3o de bots, intelig\u00eancia de dispositivos e biometria comportamental para identificar contas fraudulentas no momento da integra\u00e7\u00e3o.\" \/>\n<meta name=\"twitter:site\" content=\"@feedzai\" \/>\n<meta name=\"twitter:label1\" content=\"Est. tempo de leitura\" \/>\n\t<meta name=\"twitter:data1\" content=\"4 minutos\" \/>\n<script type=\"application\/ld+json\" class=\"yoast-schema-graph\">{\"@context\":\"https:\/\/schema.org\",\"@graph\":[{\"@type\":\"WebPage\",\"@id\":\"https:\/\/www.feedzai.com\/pt-br\/solucoes\/fraude-de-abertura-de-conta\/\",\"url\":\"https:\/\/www.feedzai.com\/pt-br\/solucoes\/fraude-de-abertura-de-conta\/\",\"name\":\"Fraude de abertura de conta | Feedzai\",\"isPartOf\":{\"@id\":\"https:\/\/www.feedzai.com\/pt-br\/#website\"},\"datePublished\":\"2024-08-12T16:52:55+00:00\",\"dateModified\":\"2026-03-17T10:18:38+00:00\",\"description\":\"Saiba como a solu\u00e7\u00e3o de Fraude de abertura de conta da Feedzai utiliza detec\u00e7\u00e3o de bots, intelig\u00eancia de dispositivos e biometria comportamental para identificar contas fraudulentas no momento da integra\u00e7\u00e3o.\",\"breadcrumb\":{\"@id\":\"https:\/\/www.feedzai.com\/pt-br\/solucoes\/fraude-de-abertura-de-conta\/#breadcrumb\"},\"inLanguage\":\"pt-BR\",\"potentialAction\":[{\"@type\":\"ReadAction\",\"target\":[\"https:\/\/www.feedzai.com\/pt-br\/solucoes\/fraude-de-abertura-de-conta\/\"]}]},{\"@type\":\"BreadcrumbList\",\"@id\":\"https:\/\/www.feedzai.com\/pt-br\/solucoes\/fraude-de-abertura-de-conta\/#breadcrumb\",\"itemListElement\":[{\"@type\":\"ListItem\",\"position\":1,\"name\":\"Home\",\"item\":\"https:\/\/www.feedzai.com\/pt-br\/\"},{\"@type\":\"ListItem\",\"position\":2,\"name\":\"Solu\u00e7\u00f5es\",\"item\":\"https:\/\/www.feedzai.com\/pt-br\/solucoes\/\"},{\"@type\":\"ListItem\",\"position\":3,\"name\":\"Fraude de abertura de conta\"}]},{\"@type\":\"WebSite\",\"@id\":\"https:\/\/www.feedzai.com\/pt-br\/#website\",\"url\":\"https:\/\/www.feedzai.com\/pt-br\/\",\"name\":\"Feedzai\",\"description\":\"\",\"publisher\":{\"@id\":\"https:\/\/www.feedzai.com\/pt-br\/#organization\"},\"potentialAction\":[{\"@type\":\"SearchAction\",\"target\":{\"@type\":\"EntryPoint\",\"urlTemplate\":\"https:\/\/www.feedzai.com\/pt-br\/?s={search_term_string}\"},\"query-input\":{\"@type\":\"PropertyValueSpecification\",\"valueRequired\":true,\"valueName\":\"search_term_string\"}}],\"inLanguage\":\"pt-BR\"},{\"@type\":\"Organization\",\"@id\":\"https:\/\/www.feedzai.com\/pt-br\/#organization\",\"name\":\"Feedzai\",\"url\":\"https:\/\/www.feedzai.com\/pt-br\/\",\"logo\":{\"@type\":\"ImageObject\",\"inLanguage\":\"pt-BR\",\"@id\":\"https:\/\/www.feedzai.com\/pt-br\/#\/schema\/logo\/image\/\",\"url\":\"https:\/\/www.feedzai.com\/wp-content\/uploads\/2026\/03\/Dark-Trust-scaled.webp\",\"contentUrl\":\"https:\/\/www.feedzai.com\/wp-content\/uploads\/2026\/03\/Dark-Trust-scaled.webp\",\"width\":2560,\"height\":2560,\"caption\":\"Feedzai\"},\"image\":{\"@id\":\"https:\/\/www.feedzai.com\/pt-br\/#\/schema\/logo\/image\/\"},\"sameAs\":[\"https:\/\/www.facebook.com\/Feedzai\/\",\"https:\/\/x.com\/feedzai\",\"https:\/\/www.linkedin.com\/company\/feedzai\",\"https:\/\/www.youtube.com\/channel\/UCOq3vS9kjwdW9TAD72PpkIg\"],\"description\":\"Feedzai is an AI-native fraud and financial crime prevention company helping financial institutions protect customers and transactions in real time creating a world of safer money.\",\"legalName\":\"Feedzai\"}]}<\/script>\n<!-- \/ Yoast SEO Premium plugin. -->","yoast_head_json":{"title":"Fraude de abertura de conta | Feedzai","description":"Saiba como a solu\u00e7\u00e3o de Fraude de abertura de conta da Feedzai utiliza detec\u00e7\u00e3o de bots, intelig\u00eancia de dispositivos e biometria comportamental para identificar contas fraudulentas no momento da integra\u00e7\u00e3o.","robots":{"index":"index","follow":"follow","max-snippet":"max-snippet:-1","max-image-preview":"max-image-preview:large","max-video-preview":"max-video-preview:-1"},"canonical":"https:\/\/www.feedzai.com\/pt-br\/solucoes\/fraude-de-abertura-de-conta\/","og_locale":"pt_BR","og_type":"article","og_title":"Fraude de abertura de conta | Feedzai","og_description":"Saiba como a solu\u00e7\u00e3o de Fraude de abertura de conta da Feedzai utiliza detec\u00e7\u00e3o de bots, intelig\u00eancia de dispositivos e biometria comportamental para identificar contas fraudulentas no momento da integra\u00e7\u00e3o.","og_url":"https:\/\/www.feedzai.com\/pt-br\/solucoes\/fraude-de-abertura-de-conta\/","og_site_name":"Feedzai","article_publisher":"https:\/\/www.facebook.com\/Feedzai\/","article_modified_time":"2026-03-17T10:18:38+00:00","og_image":[{"width":1200,"height":628,"url":"https:\/\/www.feedzai.com\/wp-content\/uploads\/2024\/11\/Website_Socials_HomePage_Linkedin.jpg","type":"image\/jpeg"}],"twitter_card":"summary_large_image","twitter_title":"Fraude de abertura de conta | Feedzai","twitter_description":"Saiba como a solu\u00e7\u00e3o de Fraude de abertura de conta da Feedzai utiliza detec\u00e7\u00e3o de bots, intelig\u00eancia de dispositivos e biometria comportamental para identificar contas fraudulentas no momento da integra\u00e7\u00e3o.","twitter_site":"@feedzai","twitter_misc":{"Est. tempo de leitura":"4 minutos"},"schema":{"@context":"https:\/\/schema.org","@graph":[{"@type":"WebPage","@id":"https:\/\/www.feedzai.com\/pt-br\/solucoes\/fraude-de-abertura-de-conta\/","url":"https:\/\/www.feedzai.com\/pt-br\/solucoes\/fraude-de-abertura-de-conta\/","name":"Fraude de abertura de conta | Feedzai","isPartOf":{"@id":"https:\/\/www.feedzai.com\/pt-br\/#website"},"datePublished":"2024-08-12T16:52:55+00:00","dateModified":"2026-03-17T10:18:38+00:00","description":"Saiba como a solu\u00e7\u00e3o de Fraude de abertura de conta da Feedzai utiliza detec\u00e7\u00e3o de bots, intelig\u00eancia de dispositivos e biometria comportamental para identificar contas fraudulentas no momento da integra\u00e7\u00e3o.","breadcrumb":{"@id":"https:\/\/www.feedzai.com\/pt-br\/solucoes\/fraude-de-abertura-de-conta\/#breadcrumb"},"inLanguage":"pt-BR","potentialAction":[{"@type":"ReadAction","target":["https:\/\/www.feedzai.com\/pt-br\/solucoes\/fraude-de-abertura-de-conta\/"]}]},{"@type":"BreadcrumbList","@id":"https:\/\/www.feedzai.com\/pt-br\/solucoes\/fraude-de-abertura-de-conta\/#breadcrumb","itemListElement":[{"@type":"ListItem","position":1,"name":"Home","item":"https:\/\/www.feedzai.com\/pt-br\/"},{"@type":"ListItem","position":2,"name":"Solu\u00e7\u00f5es","item":"https:\/\/www.feedzai.com\/pt-br\/solucoes\/"},{"@type":"ListItem","position":3,"name":"Fraude de abertura de conta"}]},{"@type":"WebSite","@id":"https:\/\/www.feedzai.com\/pt-br\/#website","url":"https:\/\/www.feedzai.com\/pt-br\/","name":"Feedzai","description":"","publisher":{"@id":"https:\/\/www.feedzai.com\/pt-br\/#organization"},"potentialAction":[{"@type":"SearchAction","target":{"@type":"EntryPoint","urlTemplate":"https:\/\/www.feedzai.com\/pt-br\/?s={search_term_string}"},"query-input":{"@type":"PropertyValueSpecification","valueRequired":true,"valueName":"search_term_string"}}],"inLanguage":"pt-BR"},{"@type":"Organization","@id":"https:\/\/www.feedzai.com\/pt-br\/#organization","name":"Feedzai","url":"https:\/\/www.feedzai.com\/pt-br\/","logo":{"@type":"ImageObject","inLanguage":"pt-BR","@id":"https:\/\/www.feedzai.com\/pt-br\/#\/schema\/logo\/image\/","url":"https:\/\/www.feedzai.com\/wp-content\/uploads\/2026\/03\/Dark-Trust-scaled.webp","contentUrl":"https:\/\/www.feedzai.com\/wp-content\/uploads\/2026\/03\/Dark-Trust-scaled.webp","width":2560,"height":2560,"caption":"Feedzai"},"image":{"@id":"https:\/\/www.feedzai.com\/pt-br\/#\/schema\/logo\/image\/"},"sameAs":["https:\/\/www.facebook.com\/Feedzai\/","https:\/\/x.com\/feedzai","https:\/\/www.linkedin.com\/company\/feedzai","https:\/\/www.youtube.com\/channel\/UCOq3vS9kjwdW9TAD72PpkIg"],"description":"Feedzai is an AI-native fraud and financial crime prevention company helping financial institutions protect customers and transactions in real time creating a world of safer money.","legalName":"Feedzai"}]}},"_links":{"self":[{"href":"https:\/\/www.feedzai.com\/pt-br\/wp-json\/wp\/v2\/pages\/4846","targetHints":{"allow":["GET"]}}],"collection":[{"href":"https:\/\/www.feedzai.com\/pt-br\/wp-json\/wp\/v2\/pages"}],"about":[{"href":"https:\/\/www.feedzai.com\/pt-br\/wp-json\/wp\/v2\/types\/page"}],"author":[{"embeddable":true,"href":"https:\/\/www.feedzai.com\/pt-br\/wp-json\/wp\/v2\/users\/1"}],"replies":[{"embeddable":true,"href":"https:\/\/www.feedzai.com\/pt-br\/wp-json\/wp\/v2\/comments?post=4846"}],"version-history":[{"count":0,"href":"https:\/\/www.feedzai.com\/pt-br\/wp-json\/wp\/v2\/pages\/4846\/revisions"}],"up":[{"embeddable":true,"href":"https:\/\/www.feedzai.com\/pt-br\/wp-json\/wp\/v2\/pages\/6714"}],"wp:attachment":[{"href":"https:\/\/www.feedzai.com\/pt-br\/wp-json\/wp\/v2\/media?parent=4846"}],"curies":[{"name":"wp","href":"https:\/\/api.w.org\/{rel}","templated":true}]}}