{"id":17253,"date":"2025-09-04T13:50:04","date_gmt":"2025-09-04T13:50:04","guid":{"rendered":"https:\/\/www.feedzai.com\/request-a-demo\/"},"modified":"2026-03-07T16:49:36","modified_gmt":"2026-03-07T16:49:36","slug":"solicite-uma-demonstracao","status":"publish","type":"page","link":"https:\/\/www.feedzai.com\/pt-br\/solicite-uma-demonstracao\/","title":{"rendered":"Solicite uma demonstra\u00e7\u00e3o"},"content":{"rendered":"","protected":false},"excerpt":{"rendered":"","protected":false},"author":1,"featured_media":0,"parent":0,"menu_order":0,"comment_status":"closed","ping_status":"closed","template":"templates\/ppc-form-at-top.php","meta":{"_acf_changed":false,"inline_featured_image":false,"footnotes":""},"class_list":["post-17253","page","type-page","status-publish","hentry"],"acf":[],"yoast_head":"<!-- This site is optimized with the Yoast SEO Premium plugin v27.3 (Yoast SEO v27.4) - https:\/\/yoast.com\/product\/yoast-seo-premium-wordpress\/ -->\n<title>Impe\u00e7a crimes financeiros e fraudes com intelig\u00eancia artificial | Feedzai<\/title>\n<meta name=\"description\" content=\"Veja como a plataforma RiskOps com intelig\u00eancia artificial nativa da Feedzai ajuda bancos, fintechs e provedores de pagamento a impedir crimes financeiros, detectar fraudes e automatizar a conformidade com PLD\/conhe\u00e7a seu cliente (KYC). Agende uma demonstra\u00e7\u00e3o ainda hoje.\" \/>\n<meta name=\"robots\" content=\"index, follow, max-snippet:-1, max-image-preview:large, max-video-preview:-1\" \/>\n<link rel=\"canonical\" href=\"https:\/\/www.feedzai.com\/pt-br\/solicite-uma-demonstracao\/\" \/>\n<meta property=\"og:locale\" content=\"pt_BR\" \/>\n<meta property=\"og:type\" content=\"article\" \/>\n<meta property=\"og:title\" content=\"Impe\u00e7a crimes financeiros e fraudes com intelig\u00eancia artificial\" \/>\n<meta property=\"og:description\" content=\"Veja como a plataforma RiskOps com intelig\u00eancia artificial nativa da Feedzai ajuda bancos, fintechs e provedores de pagamento a impedir crimes financeiros, detectar fraudes e automatizar a conformidade com PLD\/conhe\u00e7a seu cliente (KYC). Agende uma demonstra\u00e7\u00e3o ainda hoje.\" \/>\n<meta property=\"og:url\" content=\"https:\/\/www.feedzai.com\/pt-br\/solicite-uma-demonstracao\/\" \/>\n<meta property=\"og:site_name\" content=\"Feedzai\" \/>\n<meta property=\"article:publisher\" content=\"https:\/\/www.facebook.com\/Feedzai\/\" \/>\n<meta property=\"article:modified_time\" content=\"2026-03-07T16:49:36+00:00\" \/>\n<meta property=\"og:image\" content=\"https:\/\/www.feedzai.com\/wp-content\/uploads\/2025\/01\/Website_Socials_RIB_1.jpg\" \/>\n\t<meta property=\"og:image:width\" content=\"1200\" \/>\n\t<meta property=\"og:image:height\" content=\"628\" \/>\n\t<meta property=\"og:image:type\" content=\"image\/jpeg\" \/>\n<meta name=\"twitter:card\" content=\"summary_large_image\" \/>\n<meta name=\"twitter:title\" content=\"Impe\u00e7a crimes financeiros e fraudes com intelig\u00eancia artificial\" \/>\n<meta name=\"twitter:image\" content=\"https:\/\/www.feedzai.com\/wp-content\/uploads\/2025\/01\/Website_Socials_RIB_1-1.jpg\" \/>\n<meta name=\"twitter:site\" content=\"@feedzai\" \/>\n<meta name=\"twitter:label1\" content=\"Est. tempo de leitura\" \/>\n\t<meta name=\"twitter:data1\" content=\"1 minuto\" \/>\n<script type=\"application\/ld+json\" class=\"yoast-schema-graph\">{\"@context\":\"https:\\\/\\\/schema.org\",\"@graph\":[{\"@type\":\"WebPage\",\"@id\":\"https:\\\/\\\/www.feedzai.com\\\/pt-br\\\/solicite-uma-demonstracao\\\/\",\"url\":\"https:\\\/\\\/www.feedzai.com\\\/pt-br\\\/solicite-uma-demonstracao\\\/\",\"name\":\"Impe\u00e7a crimes financeiros e fraudes com intelig\u00eancia artificial | Feedzai\",\"isPartOf\":{\"@id\":\"https:\\\/\\\/www.feedzai.com\\\/pt-br\\\/#website\"},\"datePublished\":\"2025-09-04T13:50:04+00:00\",\"dateModified\":\"2026-03-07T16:49:36+00:00\",\"description\":\"Veja como a plataforma RiskOps com intelig\u00eancia artificial nativa da Feedzai ajuda bancos, fintechs e provedores de pagamento a impedir crimes financeiros, detectar fraudes e automatizar a conformidade com PLD\\\/conhe\u00e7a seu cliente (KYC). Agende uma demonstra\u00e7\u00e3o ainda hoje.\",\"breadcrumb\":{\"@id\":\"https:\\\/\\\/www.feedzai.com\\\/pt-br\\\/solicite-uma-demonstracao\\\/#breadcrumb\"},\"inLanguage\":\"pt-BR\",\"potentialAction\":[{\"@type\":\"ReadAction\",\"target\":[\"https:\\\/\\\/www.feedzai.com\\\/pt-br\\\/solicite-uma-demonstracao\\\/\"]}]},{\"@type\":\"BreadcrumbList\",\"@id\":\"https:\\\/\\\/www.feedzai.com\\\/pt-br\\\/solicite-uma-demonstracao\\\/#breadcrumb\",\"itemListElement\":[{\"@type\":\"ListItem\",\"position\":1,\"name\":\"Home\",\"item\":\"https:\\\/\\\/www.feedzai.com\\\/pt-br\\\/\"},{\"@type\":\"ListItem\",\"position\":2,\"name\":\"Solicite uma demonstra\u00e7\u00e3o\"}]},{\"@type\":\"WebSite\",\"@id\":\"https:\\\/\\\/www.feedzai.com\\\/pt-br\\\/#website\",\"url\":\"https:\\\/\\\/www.feedzai.com\\\/pt-br\\\/\",\"name\":\"Feedzai\",\"description\":\"\",\"publisher\":{\"@id\":\"https:\\\/\\\/www.feedzai.com\\\/pt-br\\\/#organization\"},\"potentialAction\":[{\"@type\":\"SearchAction\",\"target\":{\"@type\":\"EntryPoint\",\"urlTemplate\":\"https:\\\/\\\/www.feedzai.com\\\/pt-br\\\/?s={search_term_string}\"},\"query-input\":{\"@type\":\"PropertyValueSpecification\",\"valueRequired\":true,\"valueName\":\"search_term_string\"}}],\"inLanguage\":\"pt-BR\"},{\"@type\":\"Organization\",\"@id\":\"https:\\\/\\\/www.feedzai.com\\\/pt-br\\\/#organization\",\"name\":\"Feedzai\",\"url\":\"https:\\\/\\\/www.feedzai.com\\\/pt-br\\\/\",\"logo\":{\"@type\":\"ImageObject\",\"inLanguage\":\"pt-BR\",\"@id\":\"https:\\\/\\\/www.feedzai.com\\\/pt-br\\\/#\\\/schema\\\/logo\\\/image\\\/\",\"url\":\"https:\\\/\\\/www.feedzai.com\\\/wp-content\\\/uploads\\\/2026\\\/03\\\/Dark-Trust-scaled.webp\",\"contentUrl\":\"https:\\\/\\\/www.feedzai.com\\\/wp-content\\\/uploads\\\/2026\\\/03\\\/Dark-Trust-scaled.webp\",\"width\":2560,\"height\":2560,\"caption\":\"Feedzai\"},\"image\":{\"@id\":\"https:\\\/\\\/www.feedzai.com\\\/pt-br\\\/#\\\/schema\\\/logo\\\/image\\\/\"},\"sameAs\":[\"https:\\\/\\\/www.facebook.com\\\/Feedzai\\\/\",\"https:\\\/\\\/x.com\\\/feedzai\",\"https:\\\/\\\/www.linkedin.com\\\/company\\\/feedzai\",\"https:\\\/\\\/www.youtube.com\\\/channel\\\/UCOq3vS9kjwdW9TAD72PpkIg\"],\"description\":\"Feedzai is an AI-native fraud and financial crime prevention company helping financial institutions protect customers and transactions in real time creating a world of safer money.\",\"legalName\":\"Feedzai\"}]}<\/script>\n<!-- \/ Yoast SEO Premium plugin. -->","yoast_head_json":{"title":"Impe\u00e7a crimes financeiros e fraudes com intelig\u00eancia artificial | Feedzai","description":"Veja como a plataforma RiskOps com intelig\u00eancia artificial nativa da Feedzai ajuda bancos, fintechs e provedores de pagamento a impedir crimes financeiros, detectar fraudes e automatizar a conformidade com PLD\/conhe\u00e7a seu cliente (KYC). Agende uma demonstra\u00e7\u00e3o ainda hoje.","robots":{"index":"index","follow":"follow","max-snippet":"max-snippet:-1","max-image-preview":"max-image-preview:large","max-video-preview":"max-video-preview:-1"},"canonical":"https:\/\/www.feedzai.com\/pt-br\/solicite-uma-demonstracao\/","og_locale":"pt_BR","og_type":"article","og_title":"Impe\u00e7a crimes financeiros e fraudes com intelig\u00eancia artificial","og_description":"Veja como a plataforma RiskOps com intelig\u00eancia artificial nativa da Feedzai ajuda bancos, fintechs e provedores de pagamento a impedir crimes financeiros, detectar fraudes e automatizar a conformidade com PLD\/conhe\u00e7a seu cliente (KYC). Agende uma demonstra\u00e7\u00e3o ainda hoje.","og_url":"https:\/\/www.feedzai.com\/pt-br\/solicite-uma-demonstracao\/","og_site_name":"Feedzai","article_publisher":"https:\/\/www.facebook.com\/Feedzai\/","article_modified_time":"2026-03-07T16:49:36+00:00","og_image":[{"width":1200,"height":628,"url":"https:\/\/www.feedzai.com\/wp-content\/uploads\/2025\/01\/Website_Socials_RIB_1.jpg","type":"image\/jpeg"}],"twitter_card":"summary_large_image","twitter_title":"Impe\u00e7a crimes financeiros e fraudes com intelig\u00eancia artificial","twitter_image":"https:\/\/www.feedzai.com\/wp-content\/uploads\/2025\/01\/Website_Socials_RIB_1-1.jpg","twitter_site":"@feedzai","twitter_misc":{"Est. tempo de leitura":"1 minuto"},"schema":{"@context":"https:\/\/schema.org","@graph":[{"@type":"WebPage","@id":"https:\/\/www.feedzai.com\/pt-br\/solicite-uma-demonstracao\/","url":"https:\/\/www.feedzai.com\/pt-br\/solicite-uma-demonstracao\/","name":"Impe\u00e7a crimes financeiros e fraudes com intelig\u00eancia artificial | Feedzai","isPartOf":{"@id":"https:\/\/www.feedzai.com\/pt-br\/#website"},"datePublished":"2025-09-04T13:50:04+00:00","dateModified":"2026-03-07T16:49:36+00:00","description":"Veja como a plataforma RiskOps com intelig\u00eancia artificial nativa da Feedzai ajuda bancos, fintechs e provedores de pagamento a impedir crimes financeiros, detectar fraudes e automatizar a conformidade com PLD\/conhe\u00e7a seu cliente (KYC). Agende uma demonstra\u00e7\u00e3o ainda hoje.","breadcrumb":{"@id":"https:\/\/www.feedzai.com\/pt-br\/solicite-uma-demonstracao\/#breadcrumb"},"inLanguage":"pt-BR","potentialAction":[{"@type":"ReadAction","target":["https:\/\/www.feedzai.com\/pt-br\/solicite-uma-demonstracao\/"]}]},{"@type":"BreadcrumbList","@id":"https:\/\/www.feedzai.com\/pt-br\/solicite-uma-demonstracao\/#breadcrumb","itemListElement":[{"@type":"ListItem","position":1,"name":"Home","item":"https:\/\/www.feedzai.com\/pt-br\/"},{"@type":"ListItem","position":2,"name":"Solicite uma demonstra\u00e7\u00e3o"}]},{"@type":"WebSite","@id":"https:\/\/www.feedzai.com\/pt-br\/#website","url":"https:\/\/www.feedzai.com\/pt-br\/","name":"Feedzai","description":"","publisher":{"@id":"https:\/\/www.feedzai.com\/pt-br\/#organization"},"potentialAction":[{"@type":"SearchAction","target":{"@type":"EntryPoint","urlTemplate":"https:\/\/www.feedzai.com\/pt-br\/?s={search_term_string}"},"query-input":{"@type":"PropertyValueSpecification","valueRequired":true,"valueName":"search_term_string"}}],"inLanguage":"pt-BR"},{"@type":"Organization","@id":"https:\/\/www.feedzai.com\/pt-br\/#organization","name":"Feedzai","url":"https:\/\/www.feedzai.com\/pt-br\/","logo":{"@type":"ImageObject","inLanguage":"pt-BR","@id":"https:\/\/www.feedzai.com\/pt-br\/#\/schema\/logo\/image\/","url":"https:\/\/www.feedzai.com\/wp-content\/uploads\/2026\/03\/Dark-Trust-scaled.webp","contentUrl":"https:\/\/www.feedzai.com\/wp-content\/uploads\/2026\/03\/Dark-Trust-scaled.webp","width":2560,"height":2560,"caption":"Feedzai"},"image":{"@id":"https:\/\/www.feedzai.com\/pt-br\/#\/schema\/logo\/image\/"},"sameAs":["https:\/\/www.facebook.com\/Feedzai\/","https:\/\/x.com\/feedzai","https:\/\/www.linkedin.com\/company\/feedzai","https:\/\/www.youtube.com\/channel\/UCOq3vS9kjwdW9TAD72PpkIg"],"description":"Feedzai is an AI-native fraud and financial crime prevention company helping financial institutions protect customers and transactions in real time creating a world of safer money.","legalName":"Feedzai"}]}},"_links":{"self":[{"href":"https:\/\/www.feedzai.com\/pt-br\/wp-json\/wp\/v2\/pages\/17253","targetHints":{"allow":["GET"]}}],"collection":[{"href":"https:\/\/www.feedzai.com\/pt-br\/wp-json\/wp\/v2\/pages"}],"about":[{"href":"https:\/\/www.feedzai.com\/pt-br\/wp-json\/wp\/v2\/types\/page"}],"author":[{"embeddable":true,"href":"https:\/\/www.feedzai.com\/pt-br\/wp-json\/wp\/v2\/users\/1"}],"replies":[{"embeddable":true,"href":"https:\/\/www.feedzai.com\/pt-br\/wp-json\/wp\/v2\/comments?post=17253"}],"version-history":[{"count":0,"href":"https:\/\/www.feedzai.com\/pt-br\/wp-json\/wp\/v2\/pages\/17253\/revisions"}],"wp:attachment":[{"href":"https:\/\/www.feedzai.com\/pt-br\/wp-json\/wp\/v2\/media?parent=17253"}],"curies":[{"name":"wp","href":"https:\/\/api.w.org\/{rel}","templated":true}]}}