{"id":13480,"date":"2025-06-03T11:00:22","date_gmt":"2025-06-03T11:00:22","guid":{"rendered":"https:\/\/www.feedzai.com\/feedzai-iq\/"},"modified":"2026-03-17T13:21:21","modified_gmt":"2026-03-17T13:21:21","slug":"feedzai-iq","status":"publish","type":"page","link":"https:\/\/www.feedzai.com\/pt-br\/solucoes\/feedzai-iq\/","title":{"rendered":"Solu\u00e7\u00e3o Feedzai IQ Network Intelligence for Banks"},"content":{"rendered":"","protected":false},"excerpt":{"rendered":"","protected":false},"author":1,"featured_media":0,"parent":6714,"menu_order":0,"comment_status":"closed","ping_status":"closed","template":"templates\/solutions-and-industries.php","meta":{"_acf_changed":false,"inline_featured_image":false,"footnotes":""},"class_list":["post-13480","page","type-page","status-publish","hentry"],"acf":[],"yoast_head":"<!-- This site is optimized with the Yoast SEO Premium plugin v27.3 (Yoast SEO v27.4) - https:\/\/yoast.com\/product\/yoast-seo-premium-wordpress\/ -->\n<title>Solu\u00e7\u00e3o Feedzai IQ Network Intelligence for Banks | Feedzai<\/title>\n<meta name=\"description\" content=\"O Feedzai IQ fornece insights acion\u00e1veis de uma rede global de US$ 8 trilh\u00f5es em transa\u00e7\u00f5es utilizando aprendizado federado e sem a necessidade de compartilhamento de dados.\" \/>\n<meta name=\"robots\" content=\"index, follow, max-snippet:-1, max-image-preview:large, max-video-preview:-1\" \/>\n<link rel=\"canonical\" href=\"https:\/\/www.feedzai.com\/pt-br\/solucoes\/feedzai-iq\/\" \/>\n<meta property=\"og:locale\" content=\"pt_BR\" \/>\n<meta property=\"og:type\" content=\"article\" \/>\n<meta property=\"og:title\" content=\"Solu\u00e7\u00e3o Feedzai IQ Network Intelligence for Banks | Feedzai\" \/>\n<meta property=\"og:description\" content=\"Feedzai IQ delivers actionable insights from a global network of $8 trillion in transactions using federated learning and without the need for data sharing.\" \/>\n<meta property=\"og:url\" content=\"https:\/\/www.feedzai.com\/pt-br\/solucoes\/feedzai-iq\/\" \/>\n<meta property=\"og:site_name\" content=\"Feedzai\" \/>\n<meta property=\"article:publisher\" content=\"https:\/\/www.facebook.com\/Feedzai\/\" \/>\n<meta property=\"article:modified_time\" content=\"2026-03-17T13:21:21+00:00\" \/>\n<meta property=\"og:image\" content=\"https:\/\/www.feedzai.com\/wp-content\/uploads\/2025\/06\/Website_Socials_FeedzaiIQ_Linkedin_PTBR.jpg\" \/>\n\t<meta property=\"og:image:width\" content=\"1200\" \/>\n\t<meta property=\"og:image:height\" content=\"628\" \/>\n\t<meta property=\"og:image:type\" content=\"image\/jpeg\" \/>\n<meta name=\"twitter:card\" content=\"summary_large_image\" \/>\n<meta name=\"twitter:title\" content=\"Solu\u00e7\u00e3o Feedzai IQ Network Intelligence for Banks | Feedzai\" \/>\n<meta name=\"twitter:description\" content=\"Feedzai IQ delivers actionable insights from a global network of $8 trillion in transactions using federated learning and without the need for data sharing.\" \/>\n<meta name=\"twitter:image\" content=\"https:\/\/www.feedzai.com\/wp-content\/uploads\/2025\/06\/Website_Socials_FeedzaiIQ_Twitter_PTBR.jpg\" \/>\n<meta name=\"twitter:site\" content=\"@feedzai\" \/>\n<meta name=\"twitter:label1\" content=\"Est. tempo de leitura\" \/>\n\t<meta name=\"twitter:data1\" content=\"4 minutos\" \/>\n<script type=\"application\/ld+json\" class=\"yoast-schema-graph\">{\"@context\":\"https:\\\/\\\/schema.org\",\"@graph\":[{\"@type\":\"WebPage\",\"@id\":\"https:\\\/\\\/www.feedzai.com\\\/pt-br\\\/solucoes\\\/feedzai-iq\\\/\",\"url\":\"https:\\\/\\\/www.feedzai.com\\\/pt-br\\\/solucoes\\\/feedzai-iq\\\/\",\"name\":\"Solu\u00e7\u00e3o Feedzai IQ Network Intelligence for Banks | Feedzai\",\"isPartOf\":{\"@id\":\"https:\\\/\\\/www.feedzai.com\\\/pt-br\\\/#website\"},\"datePublished\":\"2025-06-03T11:00:22+00:00\",\"dateModified\":\"2026-03-17T13:21:21+00:00\",\"description\":\"O Feedzai IQ fornece insights acion\u00e1veis de uma rede global de US$ 8 trilh\u00f5es em transa\u00e7\u00f5es utilizando aprendizado federado e sem a necessidade de compartilhamento de dados.\",\"breadcrumb\":{\"@id\":\"https:\\\/\\\/www.feedzai.com\\\/pt-br\\\/solucoes\\\/feedzai-iq\\\/#breadcrumb\"},\"inLanguage\":\"pt-BR\",\"potentialAction\":[{\"@type\":\"ReadAction\",\"target\":[\"https:\\\/\\\/www.feedzai.com\\\/pt-br\\\/solucoes\\\/feedzai-iq\\\/\"]}]},{\"@type\":\"BreadcrumbList\",\"@id\":\"https:\\\/\\\/www.feedzai.com\\\/pt-br\\\/solucoes\\\/feedzai-iq\\\/#breadcrumb\",\"itemListElement\":[{\"@type\":\"ListItem\",\"position\":1,\"name\":\"Home\",\"item\":\"https:\\\/\\\/www.feedzai.com\\\/pt-br\\\/\"},{\"@type\":\"ListItem\",\"position\":2,\"name\":\"Solu\u00e7\u00f5es\",\"item\":\"https:\\\/\\\/www.feedzai.com\\\/pt-br\\\/solucoes\\\/\"},{\"@type\":\"ListItem\",\"position\":3,\"name\":\"Solu\u00e7\u00e3o Feedzai IQ Network Intelligence for Banks\"}]},{\"@type\":\"WebSite\",\"@id\":\"https:\\\/\\\/www.feedzai.com\\\/pt-br\\\/#website\",\"url\":\"https:\\\/\\\/www.feedzai.com\\\/pt-br\\\/\",\"name\":\"Feedzai\",\"description\":\"\",\"publisher\":{\"@id\":\"https:\\\/\\\/www.feedzai.com\\\/pt-br\\\/#organization\"},\"potentialAction\":[{\"@type\":\"SearchAction\",\"target\":{\"@type\":\"EntryPoint\",\"urlTemplate\":\"https:\\\/\\\/www.feedzai.com\\\/pt-br\\\/?s={search_term_string}\"},\"query-input\":{\"@type\":\"PropertyValueSpecification\",\"valueRequired\":true,\"valueName\":\"search_term_string\"}}],\"inLanguage\":\"pt-BR\"},{\"@type\":\"Organization\",\"@id\":\"https:\\\/\\\/www.feedzai.com\\\/pt-br\\\/#organization\",\"name\":\"Feedzai\",\"url\":\"https:\\\/\\\/www.feedzai.com\\\/pt-br\\\/\",\"logo\":{\"@type\":\"ImageObject\",\"inLanguage\":\"pt-BR\",\"@id\":\"https:\\\/\\\/www.feedzai.com\\\/pt-br\\\/#\\\/schema\\\/logo\\\/image\\\/\",\"url\":\"https:\\\/\\\/www.feedzai.com\\\/wp-content\\\/uploads\\\/2026\\\/03\\\/Dark-Trust-scaled.webp\",\"contentUrl\":\"https:\\\/\\\/www.feedzai.com\\\/wp-content\\\/uploads\\\/2026\\\/03\\\/Dark-Trust-scaled.webp\",\"width\":2560,\"height\":2560,\"caption\":\"Feedzai\"},\"image\":{\"@id\":\"https:\\\/\\\/www.feedzai.com\\\/pt-br\\\/#\\\/schema\\\/logo\\\/image\\\/\"},\"sameAs\":[\"https:\\\/\\\/www.facebook.com\\\/Feedzai\\\/\",\"https:\\\/\\\/x.com\\\/feedzai\",\"https:\\\/\\\/www.linkedin.com\\\/company\\\/feedzai\",\"https:\\\/\\\/www.youtube.com\\\/channel\\\/UCOq3vS9kjwdW9TAD72PpkIg\"],\"description\":\"Feedzai is an AI-native fraud and financial crime prevention company helping financial institutions protect customers and transactions in real time creating a world of safer money.\",\"legalName\":\"Feedzai\"}]}<\/script>\n<!-- \/ Yoast SEO Premium plugin. -->","yoast_head_json":{"title":"Solu\u00e7\u00e3o Feedzai IQ Network Intelligence for Banks | Feedzai","description":"O Feedzai IQ fornece insights acion\u00e1veis de uma rede global de US$ 8 trilh\u00f5es em transa\u00e7\u00f5es utilizando aprendizado federado e sem a necessidade de compartilhamento de dados.","robots":{"index":"index","follow":"follow","max-snippet":"max-snippet:-1","max-image-preview":"max-image-preview:large","max-video-preview":"max-video-preview:-1"},"canonical":"https:\/\/www.feedzai.com\/pt-br\/solucoes\/feedzai-iq\/","og_locale":"pt_BR","og_type":"article","og_title":"Solu\u00e7\u00e3o Feedzai IQ Network Intelligence for Banks | Feedzai","og_description":"Feedzai IQ delivers actionable insights from a global network of $8 trillion in transactions using federated learning and without the need for data sharing.","og_url":"https:\/\/www.feedzai.com\/pt-br\/solucoes\/feedzai-iq\/","og_site_name":"Feedzai","article_publisher":"https:\/\/www.facebook.com\/Feedzai\/","article_modified_time":"2026-03-17T13:21:21+00:00","og_image":[{"width":1200,"height":628,"url":"https:\/\/www.feedzai.com\/wp-content\/uploads\/2025\/06\/Website_Socials_FeedzaiIQ_Linkedin_PTBR.jpg","type":"image\/jpeg"}],"twitter_card":"summary_large_image","twitter_title":"Solu\u00e7\u00e3o Feedzai IQ Network Intelligence for Banks | Feedzai","twitter_description":"Feedzai IQ delivers actionable insights from a global network of $8 trillion in transactions using federated learning and without the need for data sharing.","twitter_image":"https:\/\/www.feedzai.com\/wp-content\/uploads\/2025\/06\/Website_Socials_FeedzaiIQ_Twitter_PTBR.jpg","twitter_site":"@feedzai","twitter_misc":{"Est. tempo de leitura":"4 minutos"},"schema":{"@context":"https:\/\/schema.org","@graph":[{"@type":"WebPage","@id":"https:\/\/www.feedzai.com\/pt-br\/solucoes\/feedzai-iq\/","url":"https:\/\/www.feedzai.com\/pt-br\/solucoes\/feedzai-iq\/","name":"Solu\u00e7\u00e3o Feedzai IQ Network Intelligence for Banks | Feedzai","isPartOf":{"@id":"https:\/\/www.feedzai.com\/pt-br\/#website"},"datePublished":"2025-06-03T11:00:22+00:00","dateModified":"2026-03-17T13:21:21+00:00","description":"O Feedzai IQ fornece insights acion\u00e1veis de uma rede global de US$ 8 trilh\u00f5es em transa\u00e7\u00f5es utilizando aprendizado federado e sem a necessidade de compartilhamento de dados.","breadcrumb":{"@id":"https:\/\/www.feedzai.com\/pt-br\/solucoes\/feedzai-iq\/#breadcrumb"},"inLanguage":"pt-BR","potentialAction":[{"@type":"ReadAction","target":["https:\/\/www.feedzai.com\/pt-br\/solucoes\/feedzai-iq\/"]}]},{"@type":"BreadcrumbList","@id":"https:\/\/www.feedzai.com\/pt-br\/solucoes\/feedzai-iq\/#breadcrumb","itemListElement":[{"@type":"ListItem","position":1,"name":"Home","item":"https:\/\/www.feedzai.com\/pt-br\/"},{"@type":"ListItem","position":2,"name":"Solu\u00e7\u00f5es","item":"https:\/\/www.feedzai.com\/pt-br\/solucoes\/"},{"@type":"ListItem","position":3,"name":"Solu\u00e7\u00e3o Feedzai IQ Network Intelligence for Banks"}]},{"@type":"WebSite","@id":"https:\/\/www.feedzai.com\/pt-br\/#website","url":"https:\/\/www.feedzai.com\/pt-br\/","name":"Feedzai","description":"","publisher":{"@id":"https:\/\/www.feedzai.com\/pt-br\/#organization"},"potentialAction":[{"@type":"SearchAction","target":{"@type":"EntryPoint","urlTemplate":"https:\/\/www.feedzai.com\/pt-br\/?s={search_term_string}"},"query-input":{"@type":"PropertyValueSpecification","valueRequired":true,"valueName":"search_term_string"}}],"inLanguage":"pt-BR"},{"@type":"Organization","@id":"https:\/\/www.feedzai.com\/pt-br\/#organization","name":"Feedzai","url":"https:\/\/www.feedzai.com\/pt-br\/","logo":{"@type":"ImageObject","inLanguage":"pt-BR","@id":"https:\/\/www.feedzai.com\/pt-br\/#\/schema\/logo\/image\/","url":"https:\/\/www.feedzai.com\/wp-content\/uploads\/2026\/03\/Dark-Trust-scaled.webp","contentUrl":"https:\/\/www.feedzai.com\/wp-content\/uploads\/2026\/03\/Dark-Trust-scaled.webp","width":2560,"height":2560,"caption":"Feedzai"},"image":{"@id":"https:\/\/www.feedzai.com\/pt-br\/#\/schema\/logo\/image\/"},"sameAs":["https:\/\/www.facebook.com\/Feedzai\/","https:\/\/x.com\/feedzai","https:\/\/www.linkedin.com\/company\/feedzai","https:\/\/www.youtube.com\/channel\/UCOq3vS9kjwdW9TAD72PpkIg"],"description":"Feedzai is an AI-native fraud and financial crime prevention company helping financial institutions protect customers and transactions in real time creating a world of safer money.","legalName":"Feedzai"}]}},"_links":{"self":[{"href":"https:\/\/www.feedzai.com\/pt-br\/wp-json\/wp\/v2\/pages\/13480","targetHints":{"allow":["GET"]}}],"collection":[{"href":"https:\/\/www.feedzai.com\/pt-br\/wp-json\/wp\/v2\/pages"}],"about":[{"href":"https:\/\/www.feedzai.com\/pt-br\/wp-json\/wp\/v2\/types\/page"}],"author":[{"embeddable":true,"href":"https:\/\/www.feedzai.com\/pt-br\/wp-json\/wp\/v2\/users\/1"}],"replies":[{"embeddable":true,"href":"https:\/\/www.feedzai.com\/pt-br\/wp-json\/wp\/v2\/comments?post=13480"}],"version-history":[{"count":0,"href":"https:\/\/www.feedzai.com\/pt-br\/wp-json\/wp\/v2\/pages\/13480\/revisions"}],"up":[{"embeddable":true,"href":"https:\/\/www.feedzai.com\/pt-br\/wp-json\/wp\/v2\/pages\/6714"}],"wp:attachment":[{"href":"https:\/\/www.feedzai.com\/pt-br\/wp-json\/wp\/v2\/media?parent=13480"}],"curies":[{"name":"wp","href":"https:\/\/api.w.org\/{rel}","templated":true}]}}