{"id":9624,"date":"2024-08-12T16:59:53","date_gmt":"2024-08-12T16:59:53","guid":{"rendered":"https:\/\/www.feedzai.com\/?page_id=9624"},"modified":"2026-03-17T12:57:47","modified_gmt":"2026-03-17T12:57:47","slug":"watchlist-screening","status":"publish","type":"page","link":"https:\/\/www.feedzai.com\/fr\/solutions\/watchlist-screening\/","title":{"rendered":"Watchlist Screening"},"content":{"rendered":"","protected":false},"excerpt":{"rendered":"","protected":false},"author":3,"featured_media":0,"parent":9570,"menu_order":0,"comment_status":"closed","ping_status":"closed","template":"templates\/solutions-and-industries.php","meta":{"_acf_changed":false,"inline_featured_image":false,"footnotes":""},"class_list":["post-9624","page","type-page","status-publish","hentry"],"acf":[],"yoast_head":"<!-- This site is optimized with the Yoast SEO Premium plugin v27.5 (Yoast SEO v27.5) - https:\/\/yoast.com\/product\/yoast-seo-premium-wordpress\/ -->\n<title>Filtrage plus intelligent des listes de surveillance | Feedzai<\/title>\n<meta name=\"description\" content=\"La solution Watchlist Screening de Feedzai automatise la v\u00e9rification des clients et des paiements par rapport aux listes de sanctions et de PEP afin de garantir la conformit\u00e9 et d\u2019att\u00e9nuer les risques.\" \/>\n<meta name=\"robots\" content=\"index, follow, max-snippet:-1, max-image-preview:large, max-video-preview:-1\" \/>\n<link rel=\"canonical\" href=\"https:\/\/www.feedzai.com\/fr\/solutions\/watchlist-screening\/\" \/>\n<meta property=\"og:locale\" content=\"fr_FR\" \/>\n<meta property=\"og:type\" content=\"article\" \/>\n<meta property=\"og:title\" content=\"Filtrage plus intelligent des listes de surveillance | Feedzai\" \/>\n<meta property=\"og:description\" content=\"La solution Watchlist Screening de Feedzai automatise la v\u00e9rification des clients et des paiements par rapport aux listes de sanctions et de PEP afin de garantir la conformit\u00e9 et d\u2019att\u00e9nuer les risques.\" \/>\n<meta property=\"og:url\" content=\"https:\/\/www.feedzai.com\/fr\/solutions\/watchlist-screening\/\" \/>\n<meta property=\"og:site_name\" content=\"Feedzai\" \/>\n<meta property=\"article:publisher\" content=\"https:\/\/www.facebook.com\/Feedzai\/\" \/>\n<meta property=\"article:modified_time\" content=\"2026-03-17T12:57:47+00:00\" \/>\n<meta property=\"og:image\" content=\"https:\/\/www.feedzai.com\/wp-content\/uploads\/2024\/11\/Website_Socials_HomePage_Linkedin.jpg\" \/>\n\t<meta property=\"og:image:width\" content=\"1200\" \/>\n\t<meta property=\"og:image:height\" content=\"628\" \/>\n\t<meta property=\"og:image:type\" content=\"image\/jpeg\" \/>\n<meta name=\"twitter:card\" content=\"summary_large_image\" \/>\n<meta name=\"twitter:title\" content=\"Filtrage plus intelligent des listes de surveillance | Feedzai\" \/>\n<meta name=\"twitter:description\" content=\"La solution Watchlist Screening de Feedzai automatise la v\u00e9rification des clients et des paiements par rapport aux listes de sanctions et de PEP afin de garantir la conformit\u00e9 et d\u2019att\u00e9nuer les risques.\" \/>\n<meta name=\"twitter:site\" content=\"@feedzai\" \/>\n<meta name=\"twitter:label1\" content=\"Dur\u00e9e de lecture estim\u00e9e\" \/>\n\t<meta name=\"twitter:data1\" content=\"6 minutes\" \/>\n<script type=\"application\/ld+json\" class=\"yoast-schema-graph\">{\"@context\":\"https:\\\/\\\/schema.org\",\"@graph\":[{\"@type\":\"WebPage\",\"@id\":\"https:\\\/\\\/www.feedzai.com\\\/fr\\\/solutions\\\/watchlist-screening\\\/\",\"url\":\"https:\\\/\\\/www.feedzai.com\\\/fr\\\/solutions\\\/watchlist-screening\\\/\",\"name\":\"Filtrage plus intelligent des listes de surveillance | Feedzai\",\"isPartOf\":{\"@id\":\"https:\\\/\\\/www.feedzai.com\\\/fr\\\/#website\"},\"datePublished\":\"2024-08-12T16:59:53+00:00\",\"dateModified\":\"2026-03-17T12:57:47+00:00\",\"description\":\"La solution Watchlist Screening de Feedzai automatise la v\u00e9rification des clients et des paiements par rapport aux listes de sanctions et de PEP afin de garantir la conformit\u00e9 et d\u2019att\u00e9nuer les risques.\",\"breadcrumb\":{\"@id\":\"https:\\\/\\\/www.feedzai.com\\\/fr\\\/solutions\\\/watchlist-screening\\\/#breadcrumb\"},\"inLanguage\":\"fr-FR\",\"potentialAction\":[{\"@type\":\"ReadAction\",\"target\":[\"https:\\\/\\\/www.feedzai.com\\\/fr\\\/solutions\\\/watchlist-screening\\\/\"]}]},{\"@type\":\"BreadcrumbList\",\"@id\":\"https:\\\/\\\/www.feedzai.com\\\/fr\\\/solutions\\\/watchlist-screening\\\/#breadcrumb\",\"itemListElement\":[{\"@type\":\"ListItem\",\"position\":1,\"name\":\"Home\",\"item\":\"https:\\\/\\\/www.feedzai.com\\\/fr\\\/\"},{\"@type\":\"ListItem\",\"position\":2,\"name\":\"Solutions\",\"item\":\"https:\\\/\\\/www.feedzai.com\\\/fr\\\/solutions\\\/\"},{\"@type\":\"ListItem\",\"position\":3,\"name\":\"Watchlist Screening\"}]},{\"@type\":\"WebSite\",\"@id\":\"https:\\\/\\\/www.feedzai.com\\\/fr\\\/#website\",\"url\":\"https:\\\/\\\/www.feedzai.com\\\/fr\\\/\",\"name\":\"Feedzai\",\"description\":\"\",\"publisher\":{\"@id\":\"https:\\\/\\\/www.feedzai.com\\\/fr\\\/#organization\"},\"potentialAction\":[{\"@type\":\"SearchAction\",\"target\":{\"@type\":\"EntryPoint\",\"urlTemplate\":\"https:\\\/\\\/www.feedzai.com\\\/fr\\\/?s={search_term_string}\"},\"query-input\":{\"@type\":\"PropertyValueSpecification\",\"valueRequired\":true,\"valueName\":\"search_term_string\"}}],\"inLanguage\":\"fr-FR\"},{\"@type\":\"Organization\",\"@id\":\"https:\\\/\\\/www.feedzai.com\\\/fr\\\/#organization\",\"name\":\"Feedzai\",\"url\":\"https:\\\/\\\/www.feedzai.com\\\/fr\\\/\",\"logo\":{\"@type\":\"ImageObject\",\"inLanguage\":\"fr-FR\",\"@id\":\"https:\\\/\\\/www.feedzai.com\\\/fr\\\/#\\\/schema\\\/logo\\\/image\\\/\",\"url\":\"https:\\\/\\\/www.feedzai.com\\\/wp-content\\\/uploads\\\/2026\\\/03\\\/Dark-Trust-scaled.webp\",\"contentUrl\":\"https:\\\/\\\/www.feedzai.com\\\/wp-content\\\/uploads\\\/2026\\\/03\\\/Dark-Trust-scaled.webp\",\"width\":2560,\"height\":2560,\"caption\":\"Feedzai\"},\"image\":{\"@id\":\"https:\\\/\\\/www.feedzai.com\\\/fr\\\/#\\\/schema\\\/logo\\\/image\\\/\"},\"sameAs\":[\"https:\\\/\\\/www.facebook.com\\\/Feedzai\\\/\",\"https:\\\/\\\/x.com\\\/feedzai\",\"https:\\\/\\\/www.linkedin.com\\\/company\\\/feedzai\",\"https:\\\/\\\/www.youtube.com\\\/channel\\\/UCOq3vS9kjwdW9TAD72PpkIg\"],\"description\":\"Feedzai is an AI-native fraud and financial crime prevention company helping financial institutions protect customers and transactions in real time creating a world of safer money.\",\"legalName\":\"Feedzai\"}]}<\/script>\n<!-- \/ Yoast SEO Premium plugin. -->","yoast_head_json":{"title":"Filtrage plus intelligent des listes de surveillance | Feedzai","description":"La solution Watchlist Screening de Feedzai automatise la v\u00e9rification des clients et des paiements par rapport aux listes de sanctions et de PEP afin de garantir la conformit\u00e9 et d\u2019att\u00e9nuer les risques.","robots":{"index":"index","follow":"follow","max-snippet":"max-snippet:-1","max-image-preview":"max-image-preview:large","max-video-preview":"max-video-preview:-1"},"canonical":"https:\/\/www.feedzai.com\/fr\/solutions\/watchlist-screening\/","og_locale":"fr_FR","og_type":"article","og_title":"Filtrage plus intelligent des listes de surveillance | Feedzai","og_description":"La solution Watchlist Screening de Feedzai automatise la v\u00e9rification des clients et des paiements par rapport aux listes de sanctions et de PEP afin de garantir la conformit\u00e9 et d\u2019att\u00e9nuer les risques.","og_url":"https:\/\/www.feedzai.com\/fr\/solutions\/watchlist-screening\/","og_site_name":"Feedzai","article_publisher":"https:\/\/www.facebook.com\/Feedzai\/","article_modified_time":"2026-03-17T12:57:47+00:00","og_image":[{"width":1200,"height":628,"url":"https:\/\/www.feedzai.com\/wp-content\/uploads\/2024\/11\/Website_Socials_HomePage_Linkedin.jpg","type":"image\/jpeg"}],"twitter_card":"summary_large_image","twitter_title":"Filtrage plus intelligent des listes de surveillance | Feedzai","twitter_description":"La solution Watchlist Screening de Feedzai automatise la v\u00e9rification des clients et des paiements par rapport aux listes de sanctions et de PEP afin de garantir la conformit\u00e9 et d\u2019att\u00e9nuer les risques.","twitter_site":"@feedzai","twitter_misc":{"Dur\u00e9e de lecture estim\u00e9e":"6 minutes"},"schema":{"@context":"https:\/\/schema.org","@graph":[{"@type":"WebPage","@id":"https:\/\/www.feedzai.com\/fr\/solutions\/watchlist-screening\/","url":"https:\/\/www.feedzai.com\/fr\/solutions\/watchlist-screening\/","name":"Filtrage plus intelligent des listes de surveillance | Feedzai","isPartOf":{"@id":"https:\/\/www.feedzai.com\/fr\/#website"},"datePublished":"2024-08-12T16:59:53+00:00","dateModified":"2026-03-17T12:57:47+00:00","description":"La solution Watchlist Screening de Feedzai automatise la v\u00e9rification des clients et des paiements par rapport aux listes de sanctions et de PEP afin de garantir la conformit\u00e9 et d\u2019att\u00e9nuer les risques.","breadcrumb":{"@id":"https:\/\/www.feedzai.com\/fr\/solutions\/watchlist-screening\/#breadcrumb"},"inLanguage":"fr-FR","potentialAction":[{"@type":"ReadAction","target":["https:\/\/www.feedzai.com\/fr\/solutions\/watchlist-screening\/"]}]},{"@type":"BreadcrumbList","@id":"https:\/\/www.feedzai.com\/fr\/solutions\/watchlist-screening\/#breadcrumb","itemListElement":[{"@type":"ListItem","position":1,"name":"Home","item":"https:\/\/www.feedzai.com\/fr\/"},{"@type":"ListItem","position":2,"name":"Solutions","item":"https:\/\/www.feedzai.com\/fr\/solutions\/"},{"@type":"ListItem","position":3,"name":"Watchlist Screening"}]},{"@type":"WebSite","@id":"https:\/\/www.feedzai.com\/fr\/#website","url":"https:\/\/www.feedzai.com\/fr\/","name":"Feedzai","description":"","publisher":{"@id":"https:\/\/www.feedzai.com\/fr\/#organization"},"potentialAction":[{"@type":"SearchAction","target":{"@type":"EntryPoint","urlTemplate":"https:\/\/www.feedzai.com\/fr\/?s={search_term_string}"},"query-input":{"@type":"PropertyValueSpecification","valueRequired":true,"valueName":"search_term_string"}}],"inLanguage":"fr-FR"},{"@type":"Organization","@id":"https:\/\/www.feedzai.com\/fr\/#organization","name":"Feedzai","url":"https:\/\/www.feedzai.com\/fr\/","logo":{"@type":"ImageObject","inLanguage":"fr-FR","@id":"https:\/\/www.feedzai.com\/fr\/#\/schema\/logo\/image\/","url":"https:\/\/www.feedzai.com\/wp-content\/uploads\/2026\/03\/Dark-Trust-scaled.webp","contentUrl":"https:\/\/www.feedzai.com\/wp-content\/uploads\/2026\/03\/Dark-Trust-scaled.webp","width":2560,"height":2560,"caption":"Feedzai"},"image":{"@id":"https:\/\/www.feedzai.com\/fr\/#\/schema\/logo\/image\/"},"sameAs":["https:\/\/www.facebook.com\/Feedzai\/","https:\/\/x.com\/feedzai","https:\/\/www.linkedin.com\/company\/feedzai","https:\/\/www.youtube.com\/channel\/UCOq3vS9kjwdW9TAD72PpkIg"],"description":"Feedzai is an AI-native fraud and financial crime prevention company helping financial institutions protect customers and transactions in real time creating a world of safer money.","legalName":"Feedzai"}]}},"_links":{"self":[{"href":"https:\/\/www.feedzai.com\/fr\/wp-json\/wp\/v2\/pages\/9624","targetHints":{"allow":["GET"]}}],"collection":[{"href":"https:\/\/www.feedzai.com\/fr\/wp-json\/wp\/v2\/pages"}],"about":[{"href":"https:\/\/www.feedzai.com\/fr\/wp-json\/wp\/v2\/types\/page"}],"author":[{"embeddable":true,"href":"https:\/\/www.feedzai.com\/fr\/wp-json\/wp\/v2\/users\/3"}],"replies":[{"embeddable":true,"href":"https:\/\/www.feedzai.com\/fr\/wp-json\/wp\/v2\/comments?post=9624"}],"version-history":[{"count":0,"href":"https:\/\/www.feedzai.com\/fr\/wp-json\/wp\/v2\/pages\/9624\/revisions"}],"up":[{"embeddable":true,"href":"https:\/\/www.feedzai.com\/fr\/wp-json\/wp\/v2\/pages\/9570"}],"wp:attachment":[{"href":"https:\/\/www.feedzai.com\/fr\/wp-json\/wp\/v2\/media?parent=9624"}],"curies":[{"name":"wp","href":"https:\/\/api.w.org\/{rel}","templated":true}]}}