{"id":6717,"date":"2024-04-08T10:28:49","date_gmt":"2024-04-08T10:28:49","guid":{"rendered":"https:\/\/www.feedzai.com\/?page_id=6717"},"modified":"2026-03-17T13:35:06","modified_gmt":"2026-03-17T13:35:06","slug":"homepage","status":"publish","type":"page","link":"https:\/\/www.feedzai.com\/fr\/","title":{"rendered":"Homepage"},"content":{"rendered":"","protected":false},"excerpt":{"rendered":"","protected":false},"author":1,"featured_media":0,"parent":0,"menu_order":0,"comment_status":"closed","ping_status":"closed","template":"templates\/solutions-and-industries.php","meta":{"_acf_changed":false,"inline_featured_image":false,"footnotes":""},"class_list":["post-6717","page","type-page","status-publish","hentry"],"acf":[],"yoast_head":"<!-- This site is optimized with the Yoast SEO Premium plugin v27.3 (Yoast SEO v27.4) - https:\/\/yoast.com\/product\/yoast-seo-premium-wordpress\/ -->\n<title>Plateforme de pr\u00e9vention de la fraude et de la criminalit\u00e9 financi\u00e8re native de l&#039;IA | Feedzai<\/title>\n<meta name=\"description\" content=\"Mettez fin \u00e0 la fraude et \u00e0 la criminalit\u00e9 financi\u00e8re sur tous les canaux. D\u00e9couvrez notre plateforme de pr\u00e9vention de la fraude et de la criminalit\u00e9 financi\u00e8re native de l&#039;IA.\" \/>\n<meta name=\"robots\" content=\"index, follow, max-snippet:-1, max-image-preview:large, max-video-preview:-1\" \/>\n<link rel=\"canonical\" href=\"https:\/\/www.feedzai.com\/fr\/\" \/>\n<meta property=\"og:locale\" content=\"fr_FR\" \/>\n<meta property=\"og:type\" content=\"article\" \/>\n<meta property=\"og:title\" content=\"AI-Powered Fraud &amp; Financial Crime Prevention| Feedzai\" \/>\n<meta property=\"og:description\" content=\"Stop financial crime before it happens. Feedzai&#039;s AI-powered platform detects and prevents fraud, money laundering, and other risks across all channels.\" \/>\n<meta property=\"og:url\" content=\"https:\/\/www.feedzai.com\/fr\/\" \/>\n<meta property=\"og:site_name\" content=\"Feedzai\" \/>\n<meta property=\"article:publisher\" content=\"https:\/\/www.facebook.com\/Feedzai\/\" \/>\n<meta property=\"article:modified_time\" content=\"2026-03-17T13:35:06+00:00\" \/>\n<meta property=\"og:image\" content=\"https:\/\/www.feedzai.com\/wp-content\/uploads\/2024\/11\/Website_Socials_HomePage_Linkedin.jpg\" \/>\n\t<meta property=\"og:image:width\" content=\"1200\" \/>\n\t<meta property=\"og:image:height\" content=\"628\" \/>\n\t<meta property=\"og:image:type\" content=\"image\/jpeg\" \/>\n<meta name=\"twitter:card\" content=\"summary_large_image\" \/>\n<meta name=\"twitter:title\" content=\"AI-Powered Fraud &amp; Financial Crime Prevention| Feedzai\" \/>\n<meta name=\"twitter:description\" content=\"Stop financial crime before it happens. Feedzai&#039;s AI-powered platform detects and prevents fraud, money laundering, and other risks across all channels.\" \/>\n<meta name=\"twitter:image\" content=\"https:\/\/www.feedzai.com\/wp-content\/uploads\/2024\/11\/Website_Socials_HomePage_Twitter.jpg\" \/>\n<meta name=\"twitter:site\" content=\"@feedzai\" \/>\n<meta name=\"twitter:label1\" content=\"Dur\u00e9e de lecture estim\u00e9e\" \/>\n\t<meta name=\"twitter:data1\" content=\"9 minutes\" \/>\n<script type=\"application\/ld+json\" class=\"yoast-schema-graph\">{\"@context\":\"https:\\\/\\\/schema.org\",\"@graph\":[{\"@type\":\"WebPage\",\"@id\":\"https:\\\/\\\/www.feedzai.com\\\/fr\\\/\",\"url\":\"https:\\\/\\\/www.feedzai.com\\\/fr\\\/\",\"name\":\"Plateforme de pr\u00e9vention de la fraude et de la criminalit\u00e9 financi\u00e8re native de l'IA | Feedzai\",\"isPartOf\":{\"@id\":\"https:\\\/\\\/www.feedzai.com\\\/fr\\\/#website\"},\"datePublished\":\"2024-04-08T10:28:49+00:00\",\"dateModified\":\"2026-03-17T13:35:06+00:00\",\"description\":\"Mettez fin \u00e0 la fraude et \u00e0 la criminalit\u00e9 financi\u00e8re sur tous les canaux. D\u00e9couvrez notre plateforme de pr\u00e9vention de la fraude et de la criminalit\u00e9 financi\u00e8re native de l'IA.\",\"breadcrumb\":{\"@id\":\"https:\\\/\\\/www.feedzai.com\\\/fr\\\/#breadcrumb\"},\"inLanguage\":\"fr-FR\",\"potentialAction\":[{\"@type\":\"ReadAction\",\"target\":[\"https:\\\/\\\/www.feedzai.com\\\/fr\\\/\"]}]},{\"@type\":\"BreadcrumbList\",\"@id\":\"https:\\\/\\\/www.feedzai.com\\\/fr\\\/#breadcrumb\",\"itemListElement\":[{\"@type\":\"ListItem\",\"position\":1,\"name\":\"Home\",\"item\":\"https:\\\/\\\/www.feedzai.com\\\/fr\\\/\"},{\"@type\":\"ListItem\",\"position\":2,\"name\":\"Homepage\"}]},{\"@type\":\"WebSite\",\"@id\":\"https:\\\/\\\/www.feedzai.com\\\/fr\\\/#website\",\"url\":\"https:\\\/\\\/www.feedzai.com\\\/fr\\\/\",\"name\":\"Feedzai\",\"description\":\"\",\"publisher\":{\"@id\":\"https:\\\/\\\/www.feedzai.com\\\/fr\\\/#organization\"},\"potentialAction\":[{\"@type\":\"SearchAction\",\"target\":{\"@type\":\"EntryPoint\",\"urlTemplate\":\"https:\\\/\\\/www.feedzai.com\\\/fr\\\/?s={search_term_string}\"},\"query-input\":{\"@type\":\"PropertyValueSpecification\",\"valueRequired\":true,\"valueName\":\"search_term_string\"}}],\"inLanguage\":\"fr-FR\"},{\"@type\":\"Organization\",\"@id\":\"https:\\\/\\\/www.feedzai.com\\\/fr\\\/#organization\",\"name\":\"Feedzai\",\"url\":\"https:\\\/\\\/www.feedzai.com\\\/fr\\\/\",\"logo\":{\"@type\":\"ImageObject\",\"inLanguage\":\"fr-FR\",\"@id\":\"https:\\\/\\\/www.feedzai.com\\\/fr\\\/#\\\/schema\\\/logo\\\/image\\\/\",\"url\":\"https:\\\/\\\/www.feedzai.com\\\/wp-content\\\/uploads\\\/2026\\\/03\\\/Dark-Trust-scaled.webp\",\"contentUrl\":\"https:\\\/\\\/www.feedzai.com\\\/wp-content\\\/uploads\\\/2026\\\/03\\\/Dark-Trust-scaled.webp\",\"width\":2560,\"height\":2560,\"caption\":\"Feedzai\"},\"image\":{\"@id\":\"https:\\\/\\\/www.feedzai.com\\\/fr\\\/#\\\/schema\\\/logo\\\/image\\\/\"},\"sameAs\":[\"https:\\\/\\\/www.facebook.com\\\/Feedzai\\\/\",\"https:\\\/\\\/x.com\\\/feedzai\",\"https:\\\/\\\/www.linkedin.com\\\/company\\\/feedzai\",\"https:\\\/\\\/www.youtube.com\\\/channel\\\/UCOq3vS9kjwdW9TAD72PpkIg\"],\"description\":\"Feedzai is an AI-native fraud and financial crime prevention company helping financial institutions protect customers and transactions in real time creating a world of safer money.\",\"legalName\":\"Feedzai\"}]}<\/script>\n<!-- \/ Yoast SEO Premium plugin. -->","yoast_head_json":{"title":"Plateforme de pr\u00e9vention de la fraude et de la criminalit\u00e9 financi\u00e8re native de l'IA | Feedzai","description":"Mettez fin \u00e0 la fraude et \u00e0 la criminalit\u00e9 financi\u00e8re sur tous les canaux. D\u00e9couvrez notre plateforme de pr\u00e9vention de la fraude et de la criminalit\u00e9 financi\u00e8re native de l'IA.","robots":{"index":"index","follow":"follow","max-snippet":"max-snippet:-1","max-image-preview":"max-image-preview:large","max-video-preview":"max-video-preview:-1"},"canonical":"https:\/\/www.feedzai.com\/fr\/","og_locale":"fr_FR","og_type":"article","og_title":"AI-Powered Fraud & Financial Crime Prevention| Feedzai","og_description":"Stop financial crime before it happens. Feedzai's AI-powered platform detects and prevents fraud, money laundering, and other risks across all channels.","og_url":"https:\/\/www.feedzai.com\/fr\/","og_site_name":"Feedzai","article_publisher":"https:\/\/www.facebook.com\/Feedzai\/","article_modified_time":"2026-03-17T13:35:06+00:00","og_image":[{"width":1200,"height":628,"url":"https:\/\/www.feedzai.com\/wp-content\/uploads\/2024\/11\/Website_Socials_HomePage_Linkedin.jpg","type":"image\/jpeg"}],"twitter_card":"summary_large_image","twitter_title":"AI-Powered Fraud & Financial Crime Prevention| Feedzai","twitter_description":"Stop financial crime before it happens. Feedzai's AI-powered platform detects and prevents fraud, money laundering, and other risks across all channels.","twitter_image":"https:\/\/www.feedzai.com\/wp-content\/uploads\/2024\/11\/Website_Socials_HomePage_Twitter.jpg","twitter_site":"@feedzai","twitter_misc":{"Dur\u00e9e de lecture estim\u00e9e":"9 minutes"},"schema":{"@context":"https:\/\/schema.org","@graph":[{"@type":"WebPage","@id":"https:\/\/www.feedzai.com\/fr\/","url":"https:\/\/www.feedzai.com\/fr\/","name":"Plateforme de pr\u00e9vention de la fraude et de la criminalit\u00e9 financi\u00e8re native de l'IA | Feedzai","isPartOf":{"@id":"https:\/\/www.feedzai.com\/fr\/#website"},"datePublished":"2024-04-08T10:28:49+00:00","dateModified":"2026-03-17T13:35:06+00:00","description":"Mettez fin \u00e0 la fraude et \u00e0 la criminalit\u00e9 financi\u00e8re sur tous les canaux. D\u00e9couvrez notre plateforme de pr\u00e9vention de la fraude et de la criminalit\u00e9 financi\u00e8re native de l'IA.","breadcrumb":{"@id":"https:\/\/www.feedzai.com\/fr\/#breadcrumb"},"inLanguage":"fr-FR","potentialAction":[{"@type":"ReadAction","target":["https:\/\/www.feedzai.com\/fr\/"]}]},{"@type":"BreadcrumbList","@id":"https:\/\/www.feedzai.com\/fr\/#breadcrumb","itemListElement":[{"@type":"ListItem","position":1,"name":"Home","item":"https:\/\/www.feedzai.com\/fr\/"},{"@type":"ListItem","position":2,"name":"Homepage"}]},{"@type":"WebSite","@id":"https:\/\/www.feedzai.com\/fr\/#website","url":"https:\/\/www.feedzai.com\/fr\/","name":"Feedzai","description":"","publisher":{"@id":"https:\/\/www.feedzai.com\/fr\/#organization"},"potentialAction":[{"@type":"SearchAction","target":{"@type":"EntryPoint","urlTemplate":"https:\/\/www.feedzai.com\/fr\/?s={search_term_string}"},"query-input":{"@type":"PropertyValueSpecification","valueRequired":true,"valueName":"search_term_string"}}],"inLanguage":"fr-FR"},{"@type":"Organization","@id":"https:\/\/www.feedzai.com\/fr\/#organization","name":"Feedzai","url":"https:\/\/www.feedzai.com\/fr\/","logo":{"@type":"ImageObject","inLanguage":"fr-FR","@id":"https:\/\/www.feedzai.com\/fr\/#\/schema\/logo\/image\/","url":"https:\/\/www.feedzai.com\/wp-content\/uploads\/2026\/03\/Dark-Trust-scaled.webp","contentUrl":"https:\/\/www.feedzai.com\/wp-content\/uploads\/2026\/03\/Dark-Trust-scaled.webp","width":2560,"height":2560,"caption":"Feedzai"},"image":{"@id":"https:\/\/www.feedzai.com\/fr\/#\/schema\/logo\/image\/"},"sameAs":["https:\/\/www.facebook.com\/Feedzai\/","https:\/\/x.com\/feedzai","https:\/\/www.linkedin.com\/company\/feedzai","https:\/\/www.youtube.com\/channel\/UCOq3vS9kjwdW9TAD72PpkIg"],"description":"Feedzai is an AI-native fraud and financial crime prevention company helping financial institutions protect customers and transactions in real time creating a world of safer money.","legalName":"Feedzai"}]}},"_links":{"self":[{"href":"https:\/\/www.feedzai.com\/fr\/wp-json\/wp\/v2\/pages\/6717","targetHints":{"allow":["GET"]}}],"collection":[{"href":"https:\/\/www.feedzai.com\/fr\/wp-json\/wp\/v2\/pages"}],"about":[{"href":"https:\/\/www.feedzai.com\/fr\/wp-json\/wp\/v2\/types\/page"}],"author":[{"embeddable":true,"href":"https:\/\/www.feedzai.com\/fr\/wp-json\/wp\/v2\/users\/1"}],"replies":[{"embeddable":true,"href":"https:\/\/www.feedzai.com\/fr\/wp-json\/wp\/v2\/comments?post=6717"}],"version-history":[{"count":0,"href":"https:\/\/www.feedzai.com\/fr\/wp-json\/wp\/v2\/pages\/6717\/revisions"}],"wp:attachment":[{"href":"https:\/\/www.feedzai.com\/fr\/wp-json\/wp\/v2\/media?parent=6717"}],"curies":[{"name":"wp","href":"https:\/\/api.w.org\/{rel}","templated":true}]}}