{"id":16244,"date":"2025-09-04T13:50:04","date_gmt":"2025-09-04T13:50:04","guid":{"rendered":"https:\/\/www.feedzai.com\/request-a-demo\/"},"modified":"2026-03-07T16:48:40","modified_gmt":"2026-03-07T16:48:40","slug":"demandez-une-demo","status":"publish","type":"page","link":"https:\/\/www.feedzai.com\/fr\/demandez-une-demo\/","title":{"rendered":"Demandez une d\u00e9mo"},"content":{"rendered":"","protected":false},"excerpt":{"rendered":"","protected":false},"author":1,"featured_media":0,"parent":0,"menu_order":0,"comment_status":"closed","ping_status":"closed","template":"templates\/ppc-form-at-top.php","meta":{"_acf_changed":false,"inline_featured_image":false,"footnotes":""},"class_list":["post-16244","page","type-page","status-publish","hentry"],"acf":[],"yoast_head":"<!-- This site is optimized with the Yoast SEO Premium plugin v27.5 (Yoast SEO v27.5) - https:\/\/yoast.com\/product\/yoast-seo-premium-wordpress\/ -->\n<title>Arr\u00eatez la criminalit\u00e9 financi\u00e8re et la fraude avec l&#039;IA | Feedzai<\/title>\n<meta name=\"description\" content=\"D\u00e9couvrez comment la plateforme RiskOps native \u00e0 l&#039;IA de Feedzai aide les banques, les fintechs et les prestataires de services de paiement \u00e0 stopper la criminalit\u00e9 financi\u00e8re, d\u00e9tecter la fraude et automatiser la conformit\u00e9 AML\/KYC. Planifiez une d\u00e9mo d\u00e8s aujourd\u2019hui.\" \/>\n<meta name=\"robots\" content=\"index, follow, max-snippet:-1, max-image-preview:large, max-video-preview:-1\" \/>\n<link rel=\"canonical\" href=\"https:\/\/www.feedzai.com\/fr\/demandez-une-demo\/\" \/>\n<meta property=\"og:locale\" content=\"fr_FR\" \/>\n<meta property=\"og:type\" content=\"article\" \/>\n<meta property=\"og:title\" content=\"Arr\u00eatez la criminalit\u00e9 financi\u00e8re et la fraude avec l&#039;IA\" \/>\n<meta property=\"og:description\" content=\"D\u00e9couvrez comment la plateforme RiskOps native \u00e0 l&#039;IA de Feedzai aide les banques, les fintechs et les prestataires de services de paiement \u00e0 stopper la criminalit\u00e9 financi\u00e8re, d\u00e9tecter la fraude et automatiser la conformit\u00e9 AML\/KYC. Planifiez une d\u00e9mo d\u00e8s aujourd\u2019hui.\" \/>\n<meta property=\"og:url\" content=\"https:\/\/www.feedzai.com\/fr\/demandez-une-demo\/\" \/>\n<meta property=\"og:site_name\" content=\"Feedzai\" \/>\n<meta property=\"article:publisher\" content=\"https:\/\/www.facebook.com\/Feedzai\/\" \/>\n<meta property=\"article:modified_time\" content=\"2026-03-07T16:48:40+00:00\" \/>\n<meta property=\"og:image\" content=\"https:\/\/www.feedzai.com\/wp-content\/uploads\/2025\/09\/Website_Socials_RIB_1.webp\" \/>\n\t<meta property=\"og:image:width\" content=\"1800\" \/>\n\t<meta property=\"og:image:height\" content=\"942\" \/>\n\t<meta property=\"og:image:type\" content=\"image\/webp\" \/>\n<meta name=\"twitter:card\" content=\"summary_large_image\" \/>\n<meta name=\"twitter:title\" content=\"Arr\u00eatez la criminalit\u00e9 financi\u00e8re et la fraude avec l&#039;IA\" \/>\n<meta name=\"twitter:image\" content=\"https:\/\/www.feedzai.com\/wp-content\/uploads\/2025\/09\/Website_Socials_RIB_1-1.webp\" \/>\n<meta name=\"twitter:site\" content=\"@feedzai\" \/>\n<meta name=\"twitter:label1\" content=\"Dur\u00e9e de lecture estim\u00e9e\" \/>\n\t<meta name=\"twitter:data1\" content=\"1 minute\" \/>\n<script type=\"application\/ld+json\" class=\"yoast-schema-graph\">{\"@context\":\"https:\\\/\\\/schema.org\",\"@graph\":[{\"@type\":\"WebPage\",\"@id\":\"https:\\\/\\\/www.feedzai.com\\\/fr\\\/demandez-une-demo\\\/\",\"url\":\"https:\\\/\\\/www.feedzai.com\\\/fr\\\/demandez-une-demo\\\/\",\"name\":\"Arr\u00eatez la criminalit\u00e9 financi\u00e8re et la fraude avec l'IA | Feedzai\",\"isPartOf\":{\"@id\":\"https:\\\/\\\/www.feedzai.com\\\/fr\\\/#website\"},\"datePublished\":\"2025-09-04T13:50:04+00:00\",\"dateModified\":\"2026-03-07T16:48:40+00:00\",\"description\":\"D\u00e9couvrez comment la plateforme RiskOps native \u00e0 l'IA de Feedzai aide les banques, les fintechs et les prestataires de services de paiement \u00e0 stopper la criminalit\u00e9 financi\u00e8re, d\u00e9tecter la fraude et automatiser la conformit\u00e9 AML\\\/KYC. Planifiez une d\u00e9mo d\u00e8s aujourd\u2019hui.\",\"breadcrumb\":{\"@id\":\"https:\\\/\\\/www.feedzai.com\\\/fr\\\/demandez-une-demo\\\/#breadcrumb\"},\"inLanguage\":\"fr-FR\",\"potentialAction\":[{\"@type\":\"ReadAction\",\"target\":[\"https:\\\/\\\/www.feedzai.com\\\/fr\\\/demandez-une-demo\\\/\"]}]},{\"@type\":\"BreadcrumbList\",\"@id\":\"https:\\\/\\\/www.feedzai.com\\\/fr\\\/demandez-une-demo\\\/#breadcrumb\",\"itemListElement\":[{\"@type\":\"ListItem\",\"position\":1,\"name\":\"Home\",\"item\":\"https:\\\/\\\/www.feedzai.com\\\/fr\\\/\"},{\"@type\":\"ListItem\",\"position\":2,\"name\":\"Demandez une d\u00e9mo\"}]},{\"@type\":\"WebSite\",\"@id\":\"https:\\\/\\\/www.feedzai.com\\\/fr\\\/#website\",\"url\":\"https:\\\/\\\/www.feedzai.com\\\/fr\\\/\",\"name\":\"Feedzai\",\"description\":\"\",\"publisher\":{\"@id\":\"https:\\\/\\\/www.feedzai.com\\\/fr\\\/#organization\"},\"potentialAction\":[{\"@type\":\"SearchAction\",\"target\":{\"@type\":\"EntryPoint\",\"urlTemplate\":\"https:\\\/\\\/www.feedzai.com\\\/fr\\\/?s={search_term_string}\"},\"query-input\":{\"@type\":\"PropertyValueSpecification\",\"valueRequired\":true,\"valueName\":\"search_term_string\"}}],\"inLanguage\":\"fr-FR\"},{\"@type\":\"Organization\",\"@id\":\"https:\\\/\\\/www.feedzai.com\\\/fr\\\/#organization\",\"name\":\"Feedzai\",\"url\":\"https:\\\/\\\/www.feedzai.com\\\/fr\\\/\",\"logo\":{\"@type\":\"ImageObject\",\"inLanguage\":\"fr-FR\",\"@id\":\"https:\\\/\\\/www.feedzai.com\\\/fr\\\/#\\\/schema\\\/logo\\\/image\\\/\",\"url\":\"https:\\\/\\\/www.feedzai.com\\\/wp-content\\\/uploads\\\/2026\\\/03\\\/Dark-Trust-scaled.webp\",\"contentUrl\":\"https:\\\/\\\/www.feedzai.com\\\/wp-content\\\/uploads\\\/2026\\\/03\\\/Dark-Trust-scaled.webp\",\"width\":2560,\"height\":2560,\"caption\":\"Feedzai\"},\"image\":{\"@id\":\"https:\\\/\\\/www.feedzai.com\\\/fr\\\/#\\\/schema\\\/logo\\\/image\\\/\"},\"sameAs\":[\"https:\\\/\\\/www.facebook.com\\\/Feedzai\\\/\",\"https:\\\/\\\/x.com\\\/feedzai\",\"https:\\\/\\\/www.linkedin.com\\\/company\\\/feedzai\",\"https:\\\/\\\/www.youtube.com\\\/channel\\\/UCOq3vS9kjwdW9TAD72PpkIg\"],\"description\":\"Feedzai is an AI-native fraud and financial crime prevention company helping financial institutions protect customers and transactions in real time creating a world of safer money.\",\"legalName\":\"Feedzai\"}]}<\/script>\n<!-- \/ Yoast SEO Premium plugin. -->","yoast_head_json":{"title":"Arr\u00eatez la criminalit\u00e9 financi\u00e8re et la fraude avec l'IA | Feedzai","description":"D\u00e9couvrez comment la plateforme RiskOps native \u00e0 l'IA de Feedzai aide les banques, les fintechs et les prestataires de services de paiement \u00e0 stopper la criminalit\u00e9 financi\u00e8re, d\u00e9tecter la fraude et automatiser la conformit\u00e9 AML\/KYC. Planifiez une d\u00e9mo d\u00e8s aujourd\u2019hui.","robots":{"index":"index","follow":"follow","max-snippet":"max-snippet:-1","max-image-preview":"max-image-preview:large","max-video-preview":"max-video-preview:-1"},"canonical":"https:\/\/www.feedzai.com\/fr\/demandez-une-demo\/","og_locale":"fr_FR","og_type":"article","og_title":"Arr\u00eatez la criminalit\u00e9 financi\u00e8re et la fraude avec l'IA","og_description":"D\u00e9couvrez comment la plateforme RiskOps native \u00e0 l'IA de Feedzai aide les banques, les fintechs et les prestataires de services de paiement \u00e0 stopper la criminalit\u00e9 financi\u00e8re, d\u00e9tecter la fraude et automatiser la conformit\u00e9 AML\/KYC. Planifiez une d\u00e9mo d\u00e8s aujourd\u2019hui.","og_url":"https:\/\/www.feedzai.com\/fr\/demandez-une-demo\/","og_site_name":"Feedzai","article_publisher":"https:\/\/www.facebook.com\/Feedzai\/","article_modified_time":"2026-03-07T16:48:40+00:00","og_image":[{"width":1800,"height":942,"url":"https:\/\/www.feedzai.com\/wp-content\/uploads\/2025\/09\/Website_Socials_RIB_1.webp","type":"image\/webp"}],"twitter_card":"summary_large_image","twitter_title":"Arr\u00eatez la criminalit\u00e9 financi\u00e8re et la fraude avec l'IA","twitter_image":"https:\/\/www.feedzai.com\/wp-content\/uploads\/2025\/09\/Website_Socials_RIB_1-1.webp","twitter_site":"@feedzai","twitter_misc":{"Dur\u00e9e de lecture estim\u00e9e":"1 minute"},"schema":{"@context":"https:\/\/schema.org","@graph":[{"@type":"WebPage","@id":"https:\/\/www.feedzai.com\/fr\/demandez-une-demo\/","url":"https:\/\/www.feedzai.com\/fr\/demandez-une-demo\/","name":"Arr\u00eatez la criminalit\u00e9 financi\u00e8re et la fraude avec l'IA | Feedzai","isPartOf":{"@id":"https:\/\/www.feedzai.com\/fr\/#website"},"datePublished":"2025-09-04T13:50:04+00:00","dateModified":"2026-03-07T16:48:40+00:00","description":"D\u00e9couvrez comment la plateforme RiskOps native \u00e0 l'IA de Feedzai aide les banques, les fintechs et les prestataires de services de paiement \u00e0 stopper la criminalit\u00e9 financi\u00e8re, d\u00e9tecter la fraude et automatiser la conformit\u00e9 AML\/KYC. Planifiez une d\u00e9mo d\u00e8s aujourd\u2019hui.","breadcrumb":{"@id":"https:\/\/www.feedzai.com\/fr\/demandez-une-demo\/#breadcrumb"},"inLanguage":"fr-FR","potentialAction":[{"@type":"ReadAction","target":["https:\/\/www.feedzai.com\/fr\/demandez-une-demo\/"]}]},{"@type":"BreadcrumbList","@id":"https:\/\/www.feedzai.com\/fr\/demandez-une-demo\/#breadcrumb","itemListElement":[{"@type":"ListItem","position":1,"name":"Home","item":"https:\/\/www.feedzai.com\/fr\/"},{"@type":"ListItem","position":2,"name":"Demandez une d\u00e9mo"}]},{"@type":"WebSite","@id":"https:\/\/www.feedzai.com\/fr\/#website","url":"https:\/\/www.feedzai.com\/fr\/","name":"Feedzai","description":"","publisher":{"@id":"https:\/\/www.feedzai.com\/fr\/#organization"},"potentialAction":[{"@type":"SearchAction","target":{"@type":"EntryPoint","urlTemplate":"https:\/\/www.feedzai.com\/fr\/?s={search_term_string}"},"query-input":{"@type":"PropertyValueSpecification","valueRequired":true,"valueName":"search_term_string"}}],"inLanguage":"fr-FR"},{"@type":"Organization","@id":"https:\/\/www.feedzai.com\/fr\/#organization","name":"Feedzai","url":"https:\/\/www.feedzai.com\/fr\/","logo":{"@type":"ImageObject","inLanguage":"fr-FR","@id":"https:\/\/www.feedzai.com\/fr\/#\/schema\/logo\/image\/","url":"https:\/\/www.feedzai.com\/wp-content\/uploads\/2026\/03\/Dark-Trust-scaled.webp","contentUrl":"https:\/\/www.feedzai.com\/wp-content\/uploads\/2026\/03\/Dark-Trust-scaled.webp","width":2560,"height":2560,"caption":"Feedzai"},"image":{"@id":"https:\/\/www.feedzai.com\/fr\/#\/schema\/logo\/image\/"},"sameAs":["https:\/\/www.facebook.com\/Feedzai\/","https:\/\/x.com\/feedzai","https:\/\/www.linkedin.com\/company\/feedzai","https:\/\/www.youtube.com\/channel\/UCOq3vS9kjwdW9TAD72PpkIg"],"description":"Feedzai is an AI-native fraud and financial crime prevention company helping financial institutions protect customers and transactions in real time creating a world of safer money.","legalName":"Feedzai"}]}},"_links":{"self":[{"href":"https:\/\/www.feedzai.com\/fr\/wp-json\/wp\/v2\/pages\/16244","targetHints":{"allow":["GET"]}}],"collection":[{"href":"https:\/\/www.feedzai.com\/fr\/wp-json\/wp\/v2\/pages"}],"about":[{"href":"https:\/\/www.feedzai.com\/fr\/wp-json\/wp\/v2\/types\/page"}],"author":[{"embeddable":true,"href":"https:\/\/www.feedzai.com\/fr\/wp-json\/wp\/v2\/users\/1"}],"replies":[{"embeddable":true,"href":"https:\/\/www.feedzai.com\/fr\/wp-json\/wp\/v2\/comments?post=16244"}],"version-history":[{"count":0,"href":"https:\/\/www.feedzai.com\/fr\/wp-json\/wp\/v2\/pages\/16244\/revisions"}],"wp:attachment":[{"href":"https:\/\/www.feedzai.com\/fr\/wp-json\/wp\/v2\/media?parent=16244"}],"curies":[{"name":"wp","href":"https:\/\/api.w.org\/{rel}","templated":true}]}}