{"id":4376,"date":"2024-08-12T16:59:53","date_gmt":"2024-08-12T16:59:53","guid":{"rendered":"https:\/\/www.feedzai.com\/?page_id=4376"},"modified":"2026-03-17T12:55:37","modified_gmt":"2026-03-17T12:55:37","slug":"evaluacion-y-gestion-de-listas-de-seguimiento","status":"publish","type":"page","link":"https:\/\/www.feedzai.com\/es\/soluciones\/evaluacion-y-gestion-de-listas-de-seguimiento\/","title":{"rendered":"Listas de Seguimiento"},"content":{"rendered":"","protected":false},"excerpt":{"rendered":"","protected":false},"author":1,"featured_media":0,"parent":6732,"menu_order":0,"comment_status":"closed","ping_status":"closed","template":"templates\/solutions-and-industries.php","meta":{"_acf_changed":false,"inline_featured_image":false,"footnotes":""},"class_list":["post-4376","page","type-page","status-publish","hentry"],"acf":[],"yoast_head":"<!-- This site is optimized with the Yoast SEO Premium plugin v27.3 (Yoast SEO v27.3) - https:\/\/yoast.com\/product\/yoast-seo-premium-wordpress\/ -->\n<title>Control m\u00e1s inteligente de listas de seguimiento | Feedzai<\/title>\n<meta name=\"description\" content=\"La soluci\u00f3n de control de listas de seguimiento de Feedzai automatiza la verificaci\u00f3n de clientes y pagos frente a sanciones y listas de personas pol\u00edticamente expuestas (PEP) para garantizar el cumplimiento normativo y mitigar el riesgo.\" \/>\n<meta name=\"robots\" content=\"index, follow, max-snippet:-1, max-image-preview:large, max-video-preview:-1\" \/>\n<link rel=\"canonical\" href=\"https:\/\/www.feedzai.com\/es\/soluciones\/evaluacion-y-gestion-de-listas-de-seguimiento\/\" \/>\n<meta property=\"og:locale\" content=\"es_ES\" \/>\n<meta property=\"og:type\" content=\"article\" \/>\n<meta property=\"og:title\" content=\"Control m\u00e1s inteligente de listas de seguimiento\" \/>\n<meta property=\"og:description\" content=\"La soluci\u00f3n de control de listas de seguimiento de Feedzai automatiza la verificaci\u00f3n de clientes y pagos frente a sanciones y listas de personas pol\u00edticamente expuestas (PEP) para garantizar el cumplimiento normativo y mitigar el riesgo.\" \/>\n<meta property=\"og:url\" content=\"https:\/\/www.feedzai.com\/es\/soluciones\/evaluacion-y-gestion-de-listas-de-seguimiento\/\" \/>\n<meta property=\"og:site_name\" content=\"Feedzai\" \/>\n<meta property=\"article:publisher\" content=\"https:\/\/www.facebook.com\/Feedzai\/\" \/>\n<meta property=\"article:modified_time\" content=\"2026-03-17T12:55:37+00:00\" \/>\n<meta property=\"og:image\" content=\"https:\/\/www.feedzai.com\/wp-content\/uploads\/2024\/11\/Website_Socials_HomePage_Linkedin.jpg\" \/>\n\t<meta property=\"og:image:width\" content=\"1200\" \/>\n\t<meta property=\"og:image:height\" content=\"628\" \/>\n\t<meta property=\"og:image:type\" content=\"image\/jpeg\" \/>\n<meta name=\"twitter:card\" content=\"summary_large_image\" \/>\n<meta name=\"twitter:title\" content=\"Control m\u00e1s inteligente de listas de seguimiento\" \/>\n<meta name=\"twitter:description\" content=\"La soluci\u00f3n de control de listas de seguimiento de Feedzai automatiza la verificaci\u00f3n de clientes y pagos frente a sanciones y listas de personas pol\u00edticamente expuestas (PEP) para garantizar el cumplimiento normativo y mitigar el riesgo.\" \/>\n<meta name=\"twitter:site\" content=\"@feedzai\" \/>\n<meta name=\"twitter:label1\" content=\"Tiempo de lectura\" \/>\n\t<meta name=\"twitter:data1\" content=\"6 minutos\" \/>\n<script type=\"application\/ld+json\" class=\"yoast-schema-graph\">{\"@context\":\"https:\\\/\\\/schema.org\",\"@graph\":[{\"@type\":\"WebPage\",\"@id\":\"https:\\\/\\\/www.feedzai.com\\\/es\\\/soluciones\\\/evaluacion-y-gestion-de-listas-de-seguimiento\\\/\",\"url\":\"https:\\\/\\\/www.feedzai.com\\\/es\\\/soluciones\\\/evaluacion-y-gestion-de-listas-de-seguimiento\\\/\",\"name\":\"Control m\u00e1s inteligente de listas de seguimiento | Feedzai\",\"isPartOf\":{\"@id\":\"https:\\\/\\\/www.feedzai.com\\\/es\\\/#website\"},\"datePublished\":\"2024-08-12T16:59:53+00:00\",\"dateModified\":\"2026-03-17T12:55:37+00:00\",\"description\":\"La soluci\u00f3n de control de listas de seguimiento de Feedzai automatiza la verificaci\u00f3n de clientes y pagos frente a sanciones y listas de personas pol\u00edticamente expuestas (PEP) para garantizar el cumplimiento normativo y mitigar el riesgo.\",\"breadcrumb\":{\"@id\":\"https:\\\/\\\/www.feedzai.com\\\/es\\\/soluciones\\\/evaluacion-y-gestion-de-listas-de-seguimiento\\\/#breadcrumb\"},\"inLanguage\":\"es\",\"potentialAction\":[{\"@type\":\"ReadAction\",\"target\":[\"https:\\\/\\\/www.feedzai.com\\\/es\\\/soluciones\\\/evaluacion-y-gestion-de-listas-de-seguimiento\\\/\"]}]},{\"@type\":\"BreadcrumbList\",\"@id\":\"https:\\\/\\\/www.feedzai.com\\\/es\\\/soluciones\\\/evaluacion-y-gestion-de-listas-de-seguimiento\\\/#breadcrumb\",\"itemListElement\":[{\"@type\":\"ListItem\",\"position\":1,\"name\":\"Home\",\"item\":\"https:\\\/\\\/www.feedzai.com\\\/es\\\/\"},{\"@type\":\"ListItem\",\"position\":2,\"name\":\"Soluciones\",\"item\":\"https:\\\/\\\/www.feedzai.com\\\/es\\\/soluciones\\\/\"},{\"@type\":\"ListItem\",\"position\":3,\"name\":\"Listas de Seguimiento\"}]},{\"@type\":\"WebSite\",\"@id\":\"https:\\\/\\\/www.feedzai.com\\\/es\\\/#website\",\"url\":\"https:\\\/\\\/www.feedzai.com\\\/es\\\/\",\"name\":\"Feedzai\",\"description\":\"\",\"publisher\":{\"@id\":\"https:\\\/\\\/www.feedzai.com\\\/es\\\/#organization\"},\"potentialAction\":[{\"@type\":\"SearchAction\",\"target\":{\"@type\":\"EntryPoint\",\"urlTemplate\":\"https:\\\/\\\/www.feedzai.com\\\/es\\\/?s={search_term_string}\"},\"query-input\":{\"@type\":\"PropertyValueSpecification\",\"valueRequired\":true,\"valueName\":\"search_term_string\"}}],\"inLanguage\":\"es\"},{\"@type\":\"Organization\",\"@id\":\"https:\\\/\\\/www.feedzai.com\\\/es\\\/#organization\",\"name\":\"Feedzai\",\"url\":\"https:\\\/\\\/www.feedzai.com\\\/es\\\/\",\"logo\":{\"@type\":\"ImageObject\",\"inLanguage\":\"es\",\"@id\":\"https:\\\/\\\/www.feedzai.com\\\/es\\\/#\\\/schema\\\/logo\\\/image\\\/\",\"url\":\"https:\\\/\\\/www.feedzai.com\\\/wp-content\\\/uploads\\\/2026\\\/03\\\/Dark-Trust-scaled.webp\",\"contentUrl\":\"https:\\\/\\\/www.feedzai.com\\\/wp-content\\\/uploads\\\/2026\\\/03\\\/Dark-Trust-scaled.webp\",\"width\":2560,\"height\":2560,\"caption\":\"Feedzai\"},\"image\":{\"@id\":\"https:\\\/\\\/www.feedzai.com\\\/es\\\/#\\\/schema\\\/logo\\\/image\\\/\"},\"sameAs\":[\"https:\\\/\\\/www.facebook.com\\\/Feedzai\\\/\",\"https:\\\/\\\/x.com\\\/feedzai\",\"https:\\\/\\\/www.linkedin.com\\\/company\\\/feedzai\",\"https:\\\/\\\/www.youtube.com\\\/channel\\\/UCOq3vS9kjwdW9TAD72PpkIg\"],\"description\":\"Feedzai is an AI-native fraud and financial crime prevention company helping financial institutions protect customers and transactions in real time creating a world of safer money.\",\"legalName\":\"Feedzai\"}]}<\/script>\n<!-- \/ Yoast SEO Premium plugin. -->","yoast_head_json":{"title":"Control m\u00e1s inteligente de listas de seguimiento | Feedzai","description":"La soluci\u00f3n de control de listas de seguimiento de Feedzai automatiza la verificaci\u00f3n de clientes y pagos frente a sanciones y listas de personas pol\u00edticamente expuestas (PEP) para garantizar el cumplimiento normativo y mitigar el riesgo.","robots":{"index":"index","follow":"follow","max-snippet":"max-snippet:-1","max-image-preview":"max-image-preview:large","max-video-preview":"max-video-preview:-1"},"canonical":"https:\/\/www.feedzai.com\/es\/soluciones\/evaluacion-y-gestion-de-listas-de-seguimiento\/","og_locale":"es_ES","og_type":"article","og_title":"Control m\u00e1s inteligente de listas de seguimiento","og_description":"La soluci\u00f3n de control de listas de seguimiento de Feedzai automatiza la verificaci\u00f3n de clientes y pagos frente a sanciones y listas de personas pol\u00edticamente expuestas (PEP) para garantizar el cumplimiento normativo y mitigar el riesgo.","og_url":"https:\/\/www.feedzai.com\/es\/soluciones\/evaluacion-y-gestion-de-listas-de-seguimiento\/","og_site_name":"Feedzai","article_publisher":"https:\/\/www.facebook.com\/Feedzai\/","article_modified_time":"2026-03-17T12:55:37+00:00","og_image":[{"width":1200,"height":628,"url":"https:\/\/www.feedzai.com\/wp-content\/uploads\/2024\/11\/Website_Socials_HomePage_Linkedin.jpg","type":"image\/jpeg"}],"twitter_card":"summary_large_image","twitter_title":"Control m\u00e1s inteligente de listas de seguimiento","twitter_description":"La soluci\u00f3n de control de listas de seguimiento de Feedzai automatiza la verificaci\u00f3n de clientes y pagos frente a sanciones y listas de personas pol\u00edticamente expuestas (PEP) para garantizar el cumplimiento normativo y mitigar el riesgo.","twitter_site":"@feedzai","twitter_misc":{"Tiempo de lectura":"6 minutos"},"schema":{"@context":"https:\/\/schema.org","@graph":[{"@type":"WebPage","@id":"https:\/\/www.feedzai.com\/es\/soluciones\/evaluacion-y-gestion-de-listas-de-seguimiento\/","url":"https:\/\/www.feedzai.com\/es\/soluciones\/evaluacion-y-gestion-de-listas-de-seguimiento\/","name":"Control m\u00e1s inteligente de listas de seguimiento | Feedzai","isPartOf":{"@id":"https:\/\/www.feedzai.com\/es\/#website"},"datePublished":"2024-08-12T16:59:53+00:00","dateModified":"2026-03-17T12:55:37+00:00","description":"La soluci\u00f3n de control de listas de seguimiento de Feedzai automatiza la verificaci\u00f3n de clientes y pagos frente a sanciones y listas de personas pol\u00edticamente expuestas (PEP) para garantizar el cumplimiento normativo y mitigar el riesgo.","breadcrumb":{"@id":"https:\/\/www.feedzai.com\/es\/soluciones\/evaluacion-y-gestion-de-listas-de-seguimiento\/#breadcrumb"},"inLanguage":"es","potentialAction":[{"@type":"ReadAction","target":["https:\/\/www.feedzai.com\/es\/soluciones\/evaluacion-y-gestion-de-listas-de-seguimiento\/"]}]},{"@type":"BreadcrumbList","@id":"https:\/\/www.feedzai.com\/es\/soluciones\/evaluacion-y-gestion-de-listas-de-seguimiento\/#breadcrumb","itemListElement":[{"@type":"ListItem","position":1,"name":"Home","item":"https:\/\/www.feedzai.com\/es\/"},{"@type":"ListItem","position":2,"name":"Soluciones","item":"https:\/\/www.feedzai.com\/es\/soluciones\/"},{"@type":"ListItem","position":3,"name":"Listas de Seguimiento"}]},{"@type":"WebSite","@id":"https:\/\/www.feedzai.com\/es\/#website","url":"https:\/\/www.feedzai.com\/es\/","name":"Feedzai","description":"","publisher":{"@id":"https:\/\/www.feedzai.com\/es\/#organization"},"potentialAction":[{"@type":"SearchAction","target":{"@type":"EntryPoint","urlTemplate":"https:\/\/www.feedzai.com\/es\/?s={search_term_string}"},"query-input":{"@type":"PropertyValueSpecification","valueRequired":true,"valueName":"search_term_string"}}],"inLanguage":"es"},{"@type":"Organization","@id":"https:\/\/www.feedzai.com\/es\/#organization","name":"Feedzai","url":"https:\/\/www.feedzai.com\/es\/","logo":{"@type":"ImageObject","inLanguage":"es","@id":"https:\/\/www.feedzai.com\/es\/#\/schema\/logo\/image\/","url":"https:\/\/www.feedzai.com\/wp-content\/uploads\/2026\/03\/Dark-Trust-scaled.webp","contentUrl":"https:\/\/www.feedzai.com\/wp-content\/uploads\/2026\/03\/Dark-Trust-scaled.webp","width":2560,"height":2560,"caption":"Feedzai"},"image":{"@id":"https:\/\/www.feedzai.com\/es\/#\/schema\/logo\/image\/"},"sameAs":["https:\/\/www.facebook.com\/Feedzai\/","https:\/\/x.com\/feedzai","https:\/\/www.linkedin.com\/company\/feedzai","https:\/\/www.youtube.com\/channel\/UCOq3vS9kjwdW9TAD72PpkIg"],"description":"Feedzai is an AI-native fraud and financial crime prevention company helping financial institutions protect customers and transactions in real time creating a world of safer money.","legalName":"Feedzai"}]}},"_links":{"self":[{"href":"https:\/\/www.feedzai.com\/es\/wp-json\/wp\/v2\/pages\/4376","targetHints":{"allow":["GET"]}}],"collection":[{"href":"https:\/\/www.feedzai.com\/es\/wp-json\/wp\/v2\/pages"}],"about":[{"href":"https:\/\/www.feedzai.com\/es\/wp-json\/wp\/v2\/types\/page"}],"author":[{"embeddable":true,"href":"https:\/\/www.feedzai.com\/es\/wp-json\/wp\/v2\/users\/1"}],"replies":[{"embeddable":true,"href":"https:\/\/www.feedzai.com\/es\/wp-json\/wp\/v2\/comments?post=4376"}],"version-history":[{"count":0,"href":"https:\/\/www.feedzai.com\/es\/wp-json\/wp\/v2\/pages\/4376\/revisions"}],"up":[{"embeddable":true,"href":"https:\/\/www.feedzai.com\/es\/wp-json\/wp\/v2\/pages\/6732"}],"wp:attachment":[{"href":"https:\/\/www.feedzai.com\/es\/wp-json\/wp\/v2\/media?parent=4376"}],"curies":[{"name":"wp","href":"https:\/\/api.w.org\/{rel}","templated":true}]}}