{"id":23638,"date":"2026-03-24T15:11:09","date_gmt":"2026-03-24T15:11:09","guid":{"rendered":"https:\/\/www.feedzai.com\/dinheiro-mais-seguro\/"},"modified":"2026-03-31T13:01:29","modified_gmt":"2026-03-31T13:01:29","slug":"dinero-mejor-protegido","status":"publish","type":"page","link":"https:\/\/www.feedzai.com\/es\/dinero-mejor-protegido\/","title":{"rendered":"Un mundo con dinero mejor protegido"},"content":{"rendered":"<p>&nbsp;<\/p>\n<p>&nbsp;<\/p>\n<p>&nbsp;<\/p>\n<p>&nbsp;<\/p>\n<p>&nbsp;<\/p>\n<p>&nbsp;<\/p>\n<p>&nbsp;<\/p>\n<p>&nbsp;<\/p>\n<p>&nbsp;<\/p>\n<p>&nbsp;<\/p>\n<p>&nbsp;<\/p>\n<p>&nbsp;<\/p>\n","protected":false},"excerpt":{"rendered":"<p>&nbsp; &nbsp; &nbsp; &nbsp; &nbsp; &nbsp; &nbsp; &nbsp; &nbsp; &nbsp; &nbsp; &nbsp;<\/p>\n","protected":false},"author":4,"featured_media":0,"parent":0,"menu_order":0,"comment_status":"closed","ping_status":"closed","template":"templates\/brand-campaign.php","meta":{"_acf_changed":false,"inline_featured_image":false,"footnotes":""},"class_list":["post-23638","page","type-page","status-publish","hentry"],"acf":[],"yoast_head":"<!-- This site is optimized with the Yoast SEO Premium plugin v27.5 (Yoast SEO v27.5) - https:\/\/yoast.com\/product\/yoast-seo-premium-wordpress\/ -->\n<title>Un mundo con dinero mejor protegido | Feedzai<\/title>\n<meta name=\"description\" content=\"Descubra c\u00f3mo Feedzai fomenta la confianza en las finanzas globales en materia de fraude, identidad y prevenci\u00f3n del lavado de dinero, protegiendo los momentos en los que el dinero es m\u00e1s importante.\" \/>\n<meta name=\"robots\" content=\"index, follow, max-snippet:-1, max-image-preview:large, max-video-preview:-1\" \/>\n<link rel=\"canonical\" href=\"https:\/\/www.feedzai.com\/es\/dinero-mejor-protegido\/\" \/>\n<meta property=\"og:locale\" content=\"es_ES\" \/>\n<meta property=\"og:type\" content=\"article\" \/>\n<meta property=\"og:title\" content=\"Un mundo con dinero mejor protegido | Feedzai\" \/>\n<meta property=\"og:description\" content=\"Descubra c\u00f3mo Feedzai fomenta la confianza en las finanzas globales en materia de fraude, identidad y prevenci\u00f3n del lavado de dinero, protegiendo los momentos en los que el dinero es m\u00e1s importante.\" \/>\n<meta property=\"og:url\" content=\"https:\/\/www.feedzai.com\/es\/dinero-mejor-protegido\/\" \/>\n<meta property=\"og:site_name\" content=\"Feedzai\" \/>\n<meta property=\"article:publisher\" content=\"https:\/\/www.facebook.com\/Feedzai\/\" \/>\n<meta property=\"article:modified_time\" content=\"2026-03-31T13:01:29+00:00\" \/>\n<meta property=\"og:image\" content=\"https:\/\/www.feedzai.com\/wp-content\/uploads\/2026\/03\/Brand_Campaign_LinkedIn_SP_LATAM.jpg\" \/>\n\t<meta property=\"og:image:width\" content=\"1200\" \/>\n\t<meta property=\"og:image:height\" content=\"627\" \/>\n\t<meta property=\"og:image:type\" content=\"image\/jpeg\" \/>\n<meta name=\"twitter:card\" content=\"summary_large_image\" \/>\n<meta name=\"twitter:title\" content=\"Un mundo con dinero mejor protegido | Feedzai\" \/>\n<meta name=\"twitter:description\" content=\"Descubra c\u00f3mo Feedzai fomenta la confianza en las finanzas globales en materia de fraude, identidad y prevenci\u00f3n del lavado de dinero, protegiendo los momentos en los que el dinero es m\u00e1s importante.\" \/>\n<meta name=\"twitter:image\" content=\"https:\/\/www.feedzai.com\/wp-content\/uploads\/2026\/03\/Brand_Campaign_Twitter_SP_LATAM.jpg\" \/>\n<meta name=\"twitter:site\" content=\"@feedzai\" \/>\n<meta name=\"twitter:label1\" content=\"Tiempo de lectura\" \/>\n\t<meta name=\"twitter:data1\" content=\"6 minutos\" \/>\n<script type=\"application\/ld+json\" class=\"yoast-schema-graph\">{\"@context\":\"https:\\\/\\\/schema.org\",\"@graph\":[{\"@type\":\"WebPage\",\"@id\":\"https:\\\/\\\/www.feedzai.com\\\/es\\\/dinero-mejor-protegido\\\/\",\"url\":\"https:\\\/\\\/www.feedzai.com\\\/es\\\/dinero-mejor-protegido\\\/\",\"name\":\"Un mundo con dinero mejor protegido | Feedzai\",\"isPartOf\":{\"@id\":\"https:\\\/\\\/www.feedzai.com\\\/es\\\/#website\"},\"datePublished\":\"2026-03-24T15:11:09+00:00\",\"dateModified\":\"2026-03-31T13:01:29+00:00\",\"description\":\"Descubra c\u00f3mo Feedzai fomenta la confianza en las finanzas globales en materia de fraude, identidad y prevenci\u00f3n del lavado de dinero, protegiendo los momentos en los que el dinero es m\u00e1s importante.\",\"breadcrumb\":{\"@id\":\"https:\\\/\\\/www.feedzai.com\\\/es\\\/dinero-mejor-protegido\\\/#breadcrumb\"},\"inLanguage\":\"es\",\"potentialAction\":[{\"@type\":\"ReadAction\",\"target\":[\"https:\\\/\\\/www.feedzai.com\\\/es\\\/dinero-mejor-protegido\\\/\"]}]},{\"@type\":\"BreadcrumbList\",\"@id\":\"https:\\\/\\\/www.feedzai.com\\\/es\\\/dinero-mejor-protegido\\\/#breadcrumb\",\"itemListElement\":[{\"@type\":\"ListItem\",\"position\":1,\"name\":\"Home\",\"item\":\"https:\\\/\\\/www.feedzai.com\\\/es\\\/\"},{\"@type\":\"ListItem\",\"position\":2,\"name\":\"Un mundo con dinero mejor protegido\"}]},{\"@type\":\"WebSite\",\"@id\":\"https:\\\/\\\/www.feedzai.com\\\/es\\\/#website\",\"url\":\"https:\\\/\\\/www.feedzai.com\\\/es\\\/\",\"name\":\"Feedzai\",\"description\":\"\",\"publisher\":{\"@id\":\"https:\\\/\\\/www.feedzai.com\\\/es\\\/#organization\"},\"potentialAction\":[{\"@type\":\"SearchAction\",\"target\":{\"@type\":\"EntryPoint\",\"urlTemplate\":\"https:\\\/\\\/www.feedzai.com\\\/es\\\/?s={search_term_string}\"},\"query-input\":{\"@type\":\"PropertyValueSpecification\",\"valueRequired\":true,\"valueName\":\"search_term_string\"}}],\"inLanguage\":\"es\"},{\"@type\":\"Organization\",\"@id\":\"https:\\\/\\\/www.feedzai.com\\\/es\\\/#organization\",\"name\":\"Feedzai\",\"url\":\"https:\\\/\\\/www.feedzai.com\\\/es\\\/\",\"logo\":{\"@type\":\"ImageObject\",\"inLanguage\":\"es\",\"@id\":\"https:\\\/\\\/www.feedzai.com\\\/es\\\/#\\\/schema\\\/logo\\\/image\\\/\",\"url\":\"https:\\\/\\\/www.feedzai.com\\\/wp-content\\\/uploads\\\/2026\\\/03\\\/Dark-Trust-scaled.webp\",\"contentUrl\":\"https:\\\/\\\/www.feedzai.com\\\/wp-content\\\/uploads\\\/2026\\\/03\\\/Dark-Trust-scaled.webp\",\"width\":2560,\"height\":2560,\"caption\":\"Feedzai\"},\"image\":{\"@id\":\"https:\\\/\\\/www.feedzai.com\\\/es\\\/#\\\/schema\\\/logo\\\/image\\\/\"},\"sameAs\":[\"https:\\\/\\\/www.facebook.com\\\/Feedzai\\\/\",\"https:\\\/\\\/x.com\\\/feedzai\",\"https:\\\/\\\/www.linkedin.com\\\/company\\\/feedzai\",\"https:\\\/\\\/www.youtube.com\\\/channel\\\/UCOq3vS9kjwdW9TAD72PpkIg\"],\"description\":\"Feedzai is an AI-native fraud and financial crime prevention company helping financial institutions protect customers and transactions in real time creating a world of safer money.\",\"legalName\":\"Feedzai\"}]}<\/script>\n<!-- \/ Yoast SEO Premium plugin. -->","yoast_head_json":{"title":"Un mundo con dinero mejor protegido | Feedzai","description":"Descubra c\u00f3mo Feedzai fomenta la confianza en las finanzas globales en materia de fraude, identidad y prevenci\u00f3n del lavado de dinero, protegiendo los momentos en los que el dinero es m\u00e1s importante.","robots":{"index":"index","follow":"follow","max-snippet":"max-snippet:-1","max-image-preview":"max-image-preview:large","max-video-preview":"max-video-preview:-1"},"canonical":"https:\/\/www.feedzai.com\/es\/dinero-mejor-protegido\/","og_locale":"es_ES","og_type":"article","og_title":"Un mundo con dinero mejor protegido | Feedzai","og_description":"Descubra c\u00f3mo Feedzai fomenta la confianza en las finanzas globales en materia de fraude, identidad y prevenci\u00f3n del lavado de dinero, protegiendo los momentos en los que el dinero es m\u00e1s importante.","og_url":"https:\/\/www.feedzai.com\/es\/dinero-mejor-protegido\/","og_site_name":"Feedzai","article_publisher":"https:\/\/www.facebook.com\/Feedzai\/","article_modified_time":"2026-03-31T13:01:29+00:00","og_image":[{"width":1200,"height":627,"url":"https:\/\/www.feedzai.com\/wp-content\/uploads\/2026\/03\/Brand_Campaign_LinkedIn_SP_LATAM.jpg","type":"image\/jpeg"}],"twitter_card":"summary_large_image","twitter_title":"Un mundo con dinero mejor protegido | Feedzai","twitter_description":"Descubra c\u00f3mo Feedzai fomenta la confianza en las finanzas globales en materia de fraude, identidad y prevenci\u00f3n del lavado de dinero, protegiendo los momentos en los que el dinero es m\u00e1s importante.","twitter_image":"https:\/\/www.feedzai.com\/wp-content\/uploads\/2026\/03\/Brand_Campaign_Twitter_SP_LATAM.jpg","twitter_site":"@feedzai","twitter_misc":{"Tiempo de lectura":"6 minutos"},"schema":{"@context":"https:\/\/schema.org","@graph":[{"@type":"WebPage","@id":"https:\/\/www.feedzai.com\/es\/dinero-mejor-protegido\/","url":"https:\/\/www.feedzai.com\/es\/dinero-mejor-protegido\/","name":"Un mundo con dinero mejor protegido | Feedzai","isPartOf":{"@id":"https:\/\/www.feedzai.com\/es\/#website"},"datePublished":"2026-03-24T15:11:09+00:00","dateModified":"2026-03-31T13:01:29+00:00","description":"Descubra c\u00f3mo Feedzai fomenta la confianza en las finanzas globales en materia de fraude, identidad y prevenci\u00f3n del lavado de dinero, protegiendo los momentos en los que el dinero es m\u00e1s importante.","breadcrumb":{"@id":"https:\/\/www.feedzai.com\/es\/dinero-mejor-protegido\/#breadcrumb"},"inLanguage":"es","potentialAction":[{"@type":"ReadAction","target":["https:\/\/www.feedzai.com\/es\/dinero-mejor-protegido\/"]}]},{"@type":"BreadcrumbList","@id":"https:\/\/www.feedzai.com\/es\/dinero-mejor-protegido\/#breadcrumb","itemListElement":[{"@type":"ListItem","position":1,"name":"Home","item":"https:\/\/www.feedzai.com\/es\/"},{"@type":"ListItem","position":2,"name":"Un mundo con dinero mejor protegido"}]},{"@type":"WebSite","@id":"https:\/\/www.feedzai.com\/es\/#website","url":"https:\/\/www.feedzai.com\/es\/","name":"Feedzai","description":"","publisher":{"@id":"https:\/\/www.feedzai.com\/es\/#organization"},"potentialAction":[{"@type":"SearchAction","target":{"@type":"EntryPoint","urlTemplate":"https:\/\/www.feedzai.com\/es\/?s={search_term_string}"},"query-input":{"@type":"PropertyValueSpecification","valueRequired":true,"valueName":"search_term_string"}}],"inLanguage":"es"},{"@type":"Organization","@id":"https:\/\/www.feedzai.com\/es\/#organization","name":"Feedzai","url":"https:\/\/www.feedzai.com\/es\/","logo":{"@type":"ImageObject","inLanguage":"es","@id":"https:\/\/www.feedzai.com\/es\/#\/schema\/logo\/image\/","url":"https:\/\/www.feedzai.com\/wp-content\/uploads\/2026\/03\/Dark-Trust-scaled.webp","contentUrl":"https:\/\/www.feedzai.com\/wp-content\/uploads\/2026\/03\/Dark-Trust-scaled.webp","width":2560,"height":2560,"caption":"Feedzai"},"image":{"@id":"https:\/\/www.feedzai.com\/es\/#\/schema\/logo\/image\/"},"sameAs":["https:\/\/www.facebook.com\/Feedzai\/","https:\/\/x.com\/feedzai","https:\/\/www.linkedin.com\/company\/feedzai","https:\/\/www.youtube.com\/channel\/UCOq3vS9kjwdW9TAD72PpkIg"],"description":"Feedzai is an AI-native fraud and financial crime prevention company helping financial institutions protect customers and transactions in real time creating a world of safer money.","legalName":"Feedzai"}]}},"_links":{"self":[{"href":"https:\/\/www.feedzai.com\/es\/wp-json\/wp\/v2\/pages\/23638","targetHints":{"allow":["GET"]}}],"collection":[{"href":"https:\/\/www.feedzai.com\/es\/wp-json\/wp\/v2\/pages"}],"about":[{"href":"https:\/\/www.feedzai.com\/es\/wp-json\/wp\/v2\/types\/page"}],"author":[{"embeddable":true,"href":"https:\/\/www.feedzai.com\/es\/wp-json\/wp\/v2\/users\/4"}],"replies":[{"embeddable":true,"href":"https:\/\/www.feedzai.com\/es\/wp-json\/wp\/v2\/comments?post=23638"}],"version-history":[{"count":0,"href":"https:\/\/www.feedzai.com\/es\/wp-json\/wp\/v2\/pages\/23638\/revisions"}],"wp:attachment":[{"href":"https:\/\/www.feedzai.com\/es\/wp-json\/wp\/v2\/media?parent=23638"}],"curies":[{"name":"wp","href":"https:\/\/api.w.org\/{rel}","templated":true}]}}